{"id":1551,"date":"2023-04-27T08:41:58","date_gmt":"2023-04-27T05:41:58","guid":{"rendered":"https:\/\/pelm.ee\/about-us\/"},"modified":"2023-05-07T15:58:06","modified_gmt":"2023-05-07T12:58:06","slug":"about-us","status":"publish","type":"page","link":"https:\/\/pelm.ee\/en\/about-us\/","title":{"rendered":"About Us"},"content":{"rendered":"\n<div class=\"wp-block-columns is-layout-flex wp-container-core-columns-is-layout-9d6595d7 wp-block-columns-is-layout-flex\">\n<div class=\"wp-block-column is-layout-flow wp-block-column-is-layout-flow\">\n<p>Pelm Restaurants &#8211; here you can embark on a gastronomic journey around the world of Slavic cuisine with your family or friends.<\/p>\n\n\n\n<p>Pelm&#8217;s signature dishes are locally handmade dumplings. We offer an attractive selection of dumplings with meat, fish, and vegan fillings.<\/p>\n<\/div>\n\n\n\n<div class=\"wp-block-column is-layout-flow wp-block-column-is-layout-flow\"><\/div>\n<\/div>\n\n\n\n<div style=\"height:20px\" aria-hidden=\"true\" class=\"wp-block-spacer\"><\/div>\n\n\n\n<div class=\"wp-block-columns is-layout-flex wp-container-core-columns-is-layout-9d6595d7 wp-block-columns-is-layout-flex\">\n<div class=\"wp-block-column is-layout-flow wp-block-column-is-layout-flow\">\n<figure class=\"wp-block-image size-full\"><a href=\"https:\/\/pelm.ee\/en\/product\/dumplings-with-elk-meat-and-red-pepper-sour-cream\/\"><img loading=\"lazy\" decoding=\"async\" width=\"1000\" height=\"1000\" src=\"https:\/\/pelm.ee\/wp-content\/uploads\/2023\/04\/s-myasom-losya.jpg\" alt=\"\" class=\"wp-image-101\" srcset=\"https:\/\/pelm.ee\/wp-content\/uploads\/2023\/04\/s-myasom-losya.jpg 1000w, https:\/\/pelm.ee\/wp-content\/uploads\/2023\/04\/s-myasom-losya-600x600.jpg 600w, https:\/\/pelm.ee\/wp-content\/uploads\/2023\/04\/s-myasom-losya-100x100.jpg 100w, https:\/\/pelm.ee\/wp-content\/uploads\/2023\/04\/s-myasom-losya-300x300.jpg 300w, https:\/\/pelm.ee\/wp-content\/uploads\/2023\/04\/s-myasom-losya-150x150.jpg 150w, https:\/\/pelm.ee\/wp-content\/uploads\/2023\/04\/s-myasom-losya-768x768.jpg 768w\" sizes=\"auto, (max-width: 1000px) 100vw, 1000px\" \/><\/a><\/figure>\n<\/div>\n\n\n\n<div class=\"wp-block-column is-layout-flow wp-block-column-is-layout-flow\">\n<figure class=\"wp-block-image size-full\"><a href=\"https:\/\/pelm.ee\/en\/product\/dumplings-with-duck-and-truffle-sour-cream\/\"><img loading=\"lazy\" decoding=\"async\" width=\"1000\" height=\"1000\" src=\"https:\/\/pelm.ee\/wp-content\/uploads\/2023\/04\/s-utkoj-1.jpg\" alt=\"\" class=\"wp-image-96\" srcset=\"https:\/\/pelm.ee\/wp-content\/uploads\/2023\/04\/s-utkoj-1.jpg 1000w, https:\/\/pelm.ee\/wp-content\/uploads\/2023\/04\/s-utkoj-1-600x600.jpg 600w, https:\/\/pelm.ee\/wp-content\/uploads\/2023\/04\/s-utkoj-1-100x100.jpg 100w, https:\/\/pelm.ee\/wp-content\/uploads\/2023\/04\/s-utkoj-1-300x300.jpg 300w, https:\/\/pelm.ee\/wp-content\/uploads\/2023\/04\/s-utkoj-1-150x150.jpg 150w, https:\/\/pelm.ee\/wp-content\/uploads\/2023\/04\/s-utkoj-1-768x768.jpg 768w\" sizes=\"auto, (max-width: 1000px) 100vw, 1000px\" \/><\/a><\/figure>\n<\/div>\n\n\n\n<div class=\"wp-block-column is-layout-flow wp-block-column-is-layout-flow\">\n<figure class=\"wp-block-image size-full is-resized\"><a href=\"https:\/\/pelm.ee\/en\/product\/homemade-dumplings-in-chicken-broth-sour-cream\/\"><img loading=\"lazy\" decoding=\"async\" src=\"https:\/\/pelm.ee\/wp-content\/uploads\/2023\/04\/v-kurinom-bulone-1.jpg\" alt=\"\" class=\"wp-image-94\" width=\"256\" height=\"256\" srcset=\"https:\/\/pelm.ee\/wp-content\/uploads\/2023\/04\/v-kurinom-bulone-1.jpg 1000w, https:\/\/pelm.ee\/wp-content\/uploads\/2023\/04\/v-kurinom-bulone-1-600x600.jpg 600w, https:\/\/pelm.ee\/wp-content\/uploads\/2023\/04\/v-kurinom-bulone-1-100x100.jpg 100w, https:\/\/pelm.ee\/wp-content\/uploads\/2023\/04\/v-kurinom-bulone-1-300x300.jpg 300w, https:\/\/pelm.ee\/wp-content\/uploads\/2023\/04\/v-kurinom-bulone-1-150x150.jpg 150w, https:\/\/pelm.ee\/wp-content\/uploads\/2023\/04\/v-kurinom-bulone-1-768x768.jpg 768w\" sizes=\"auto, (max-width: 256px) 100vw, 256px\" \/><\/a><\/figure>\n<\/div>\n<\/div>\n\n\n\n<div class=\"wp-block-columns is-layout-flex wp-container-core-columns-is-layout-9d6595d7 wp-block-columns-is-layout-flex\">\n<div class=\"wp-block-column is-layout-flow wp-block-column-is-layout-flow\" style=\"flex-basis:60%\">\n<p>Meat lovers can taste delicacies from our authentic Mibrasa charcoal grill, New Zealand lamb dishes, pork ribs, and of course, juicy burgers with fillings. Our menu also includes the best dishes of Uzbek cuisine &#8211; chebureks, pilaf, and Slavic dishes, Kiev cutlets, as well as borscht and fish soup cooked according to centuries-old recipes.<\/p>\n\n\n\n<p class=\"green-btn\"><a href=\"https:\/\/pelm.ee\/en\/menu\/\">Open the menu<\/a><\/p>\n\n\n\n<p class=\"white-btn\"><a href=\"https:\/\/pelm.ee\/en\/book-a-table\/\">Book a table<\/a><\/p>\n\n\n\n<p class=\"white-btn\"><a href=\"https:\/\/pelm.ee\/en\/contact\/\">Restaurant addresses<\/a><\/p>\n<\/div>\n\n\n\n<div class=\"wp-block-column is-layout-flow wp-block-column-is-layout-flow\"><\/div>\n<\/div>\n\n\n\n<h2 class=\"wp-block-heading\">Reviews<\/h2>\n\n\n<pre class=\"ti-widget\" style=\"display: none\"><template id=\"trustindex-google-widget-html\"><div class=\"ti-widget ti-goog ti-no-profile-img ti-show-rating-text ti-review-text-mode-readmore ti-text-align-left\" data-no-translation=\"true\" data-layout-id=\"4\" data-layout-category=\"slider\" data-set-id=\"dark-background\" data-pid=\"\" data-language=\"ru\" data-review-target-width=\"300\" data-css-version=\"2\" data-review-text-mode=\"readmore\" data-reply-by-locale=\"\u041e\u0442\u0432\u0435\u0442 \u0432\u043b\u0430\u0434\u0435\u043b\u044c\u0446\u0430\" data-pager-autoplay-timeout=\"6\" > <div class=\"ti-widget-container ti-col-3\"> <div class=\"ti-reviews-container\"> <div class=\"ti-controls\"> <div class=\"ti-next\" aria-label=\"\u0421\u043b\u0435\u0434\u0443\u044e\u0449\u0438\u0439 \u043e\u0442\u0437\u044b\u0432\" role=\"button\"><\/div> <div class=\"ti-prev\" aria-label=\"\u041f\u0440\u0435\u0434\u044b\u0434\u0443\u0449\u0438\u0439 \u043e\u0442\u0437\u044b\u0432\" role=\"button\"><\/div> <\/div> <div class=\"ti-reviews-container-wrapper\">  <div data-empty=\"0\" class=\"ti-review-item source-Google ti-image-layout-thumbnail\" data-id=\"cfcd208495d565ef66e7dff9f98764da\" > <div class=\"ti-inner\"> <div class=\"ti-review-header\">   <div class=\"ti-profile-details\"> <div class=\"ti-name\"> Triine J\u00e4nes <\/div> <div class=\"ti-date\">19\/04\/2023<\/div> <\/div> <\/div> <span class=\"ti-stars\"><trustindex-image class=\"ti-star\" data-imgurl=\"https:\/\/cdn.trustindex.io\/assets\/platform\/Google\/star\/f.svg\" alt=\"Google\" width=\"17\" height=\"17\" loading=\"lazy\" ><\/trustindex-image><trustindex-image class=\"ti-star\" data-imgurl=\"https:\/\/cdn.trustindex.io\/assets\/platform\/Google\/star\/f.svg\" alt=\"Google\" width=\"17\" height=\"17\" loading=\"lazy\" ><\/trustindex-image><trustindex-image class=\"ti-star\" data-imgurl=\"https:\/\/cdn.trustindex.io\/assets\/platform\/Google\/star\/f.svg\" alt=\"Google\" width=\"17\" height=\"17\" loading=\"lazy\" ><\/trustindex-image><trustindex-image class=\"ti-star\" data-imgurl=\"https:\/\/cdn.trustindex.io\/assets\/platform\/Google\/star\/f.svg\" alt=\"Google\" width=\"17\" height=\"17\" loading=\"lazy\" ><\/trustindex-image><trustindex-image class=\"ti-star\" data-imgurl=\"https:\/\/cdn.trustindex.io\/assets\/platform\/Google\/star\/f.svg\" alt=\"Google\" width=\"17\" height=\"17\" loading=\"lazy\" ><\/trustindex-image><\/span> <div class=\"ti-review-text-container ti-review-content\"><!-- R-CONTENT -->Pelm rockib \ud83e\udd1f<!-- R-CONTENT --><\/div> <span class=\"ti-read-more\" data-container=\".ti-review-content\" data-collapse-text=\"\u0421\u043a\u0440\u044b\u0432\u0430\u0442\u044c\" data-open-text=\"\u041f\u0440\u043e\u0447\u0438\u0442\u0430\u0439\u0442\u0435 \u0431\u043e\u043b\u044c\u0448\u0435\" ><\/span> <\/div> <\/div>  <div data-empty=\"0\" class=\"ti-review-item source-Google ti-image-layout-thumbnail\" data-id=\"cfcd208495d565ef66e7dff9f98764da\" > <div class=\"ti-inner\"> <div class=\"ti-review-header\">   <div class=\"ti-profile-details\"> <div class=\"ti-name\"> Svetlana Rumyantseva <\/div> <div class=\"ti-date\">14\/04\/2023<\/div> <\/div> <\/div> <span class=\"ti-stars\"><trustindex-image class=\"ti-star\" data-imgurl=\"https:\/\/cdn.trustindex.io\/assets\/platform\/Google\/star\/f.svg\" alt=\"Google\" width=\"17\" height=\"17\" loading=\"lazy\" ><\/trustindex-image><trustindex-image class=\"ti-star\" data-imgurl=\"https:\/\/cdn.trustindex.io\/assets\/platform\/Google\/star\/f.svg\" alt=\"Google\" width=\"17\" height=\"17\" loading=\"lazy\" ><\/trustindex-image><trustindex-image class=\"ti-star\" data-imgurl=\"https:\/\/cdn.trustindex.io\/assets\/platform\/Google\/star\/f.svg\" alt=\"Google\" width=\"17\" height=\"17\" loading=\"lazy\" ><\/trustindex-image><trustindex-image class=\"ti-star\" data-imgurl=\"https:\/\/cdn.trustindex.io\/assets\/platform\/Google\/star\/f.svg\" alt=\"Google\" width=\"17\" height=\"17\" loading=\"lazy\" ><\/trustindex-image><trustindex-image class=\"ti-star\" data-imgurl=\"https:\/\/cdn.trustindex.io\/assets\/platform\/Google\/star\/f.svg\" alt=\"Google\" width=\"17\" height=\"17\" loading=\"lazy\" ><\/trustindex-image><\/span> <div class=\"ti-review-text-container ti-review-content\"><!-- R-CONTENT -->\u041b\u0443\u0447\u0448\u0438\u0445 \u0445\u0438\u043d\u043a\u0430\u043b\u0438 \u043d\u0435 \u0435\u043b\u0430, \u0430 \u0432\u0430\u0440\u0435\u043d\u0438\u043a\u0438 \u0448\u0435\u0434\u0435\u0432\u0440!!!!!!! \u2764\ufe0f\u2764\ufe0f\u2764\ufe0f\u2764\ufe0f\u2764\ufe0f\u2764\ufe0f\u2764\ufe0f\u2764\ufe0f\u2764\ufe0f\u2764\ufe0f\u2764\ufe0f\u2764\ufe0f\u2764\ufe0f\u2764\ufe0f<!-- R-CONTENT --><\/div> <span class=\"ti-read-more\" data-container=\".ti-review-content\" data-collapse-text=\"\u0421\u043a\u0440\u044b\u0432\u0430\u0442\u044c\" data-open-text=\"\u041f\u0440\u043e\u0447\u0438\u0442\u0430\u0439\u0442\u0435 \u0431\u043e\u043b\u044c\u0448\u0435\" ><\/span> <\/div> <\/div>  <div data-empty=\"0\" class=\"ti-review-item source-Google ti-image-layout-thumbnail\" data-id=\"cfcd208495d565ef66e7dff9f98764da\" > <div class=\"ti-inner\"> <div class=\"ti-review-header\">   <div class=\"ti-profile-details\"> <div class=\"ti-name\"> Stolz OU <\/div> <div class=\"ti-date\">04\/04\/2023<\/div> <\/div> <\/div> <span class=\"ti-stars\"><trustindex-image class=\"ti-star\" data-imgurl=\"https:\/\/cdn.trustindex.io\/assets\/platform\/Google\/star\/f.svg\" alt=\"Google\" width=\"17\" height=\"17\" loading=\"lazy\" ><\/trustindex-image><trustindex-image class=\"ti-star\" data-imgurl=\"https:\/\/cdn.trustindex.io\/assets\/platform\/Google\/star\/f.svg\" alt=\"Google\" width=\"17\" height=\"17\" loading=\"lazy\" ><\/trustindex-image><trustindex-image class=\"ti-star\" data-imgurl=\"https:\/\/cdn.trustindex.io\/assets\/platform\/Google\/star\/f.svg\" alt=\"Google\" width=\"17\" height=\"17\" loading=\"lazy\" ><\/trustindex-image><trustindex-image class=\"ti-star\" data-imgurl=\"https:\/\/cdn.trustindex.io\/assets\/platform\/Google\/star\/f.svg\" alt=\"Google\" width=\"17\" height=\"17\" loading=\"lazy\" ><\/trustindex-image><trustindex-image class=\"ti-star\" data-imgurl=\"https:\/\/cdn.trustindex.io\/assets\/platform\/Google\/star\/f.svg\" alt=\"Google\" width=\"17\" height=\"17\" loading=\"lazy\" ><\/trustindex-image><\/span> <div class=\"ti-review-text-container ti-review-content\"><!-- R-CONTENT -->Perfect place. Delishes food and great service. Thanks \ud83d\ude4f<!-- R-CONTENT --><\/div> <span class=\"ti-read-more\" data-container=\".ti-review-content\" data-collapse-text=\"\u0421\u043a\u0440\u044b\u0432\u0430\u0442\u044c\" data-open-text=\"\u041f\u0440\u043e\u0447\u0438\u0442\u0430\u0439\u0442\u0435 \u0431\u043e\u043b\u044c\u0448\u0435\" ><\/span> <\/div> <\/div>  <div data-empty=\"0\" class=\"ti-review-item source-Google ti-image-layout-thumbnail\" data-id=\"cfcd208495d565ef66e7dff9f98764da\" > <div class=\"ti-inner\"> <div class=\"ti-review-header\">   <div class=\"ti-profile-details\"> <div class=\"ti-name\"> Andrei Tsarev <\/div> <div class=\"ti-date\">27\/03\/2023<\/div> <\/div> <\/div> <span class=\"ti-stars\"><trustindex-image class=\"ti-star\" data-imgurl=\"https:\/\/cdn.trustindex.io\/assets\/platform\/Google\/star\/f.svg\" alt=\"Google\" width=\"17\" height=\"17\" loading=\"lazy\" ><\/trustindex-image><trustindex-image class=\"ti-star\" data-imgurl=\"https:\/\/cdn.trustindex.io\/assets\/platform\/Google\/star\/f.svg\" alt=\"Google\" width=\"17\" height=\"17\" loading=\"lazy\" ><\/trustindex-image><trustindex-image class=\"ti-star\" data-imgurl=\"https:\/\/cdn.trustindex.io\/assets\/platform\/Google\/star\/f.svg\" alt=\"Google\" width=\"17\" height=\"17\" loading=\"lazy\" ><\/trustindex-image><trustindex-image class=\"ti-star\" data-imgurl=\"https:\/\/cdn.trustindex.io\/assets\/platform\/Google\/star\/f.svg\" alt=\"Google\" width=\"17\" height=\"17\" loading=\"lazy\" ><\/trustindex-image><trustindex-image class=\"ti-star\" data-imgurl=\"https:\/\/cdn.trustindex.io\/assets\/platform\/Google\/star\/f.svg\" alt=\"Google\" width=\"17\" height=\"17\" loading=\"lazy\" ><\/trustindex-image><\/span> <div class=\"ti-review-text-container ti-review-content\"><!-- R-CONTENT -->\u041e\u0442\u043b\u0438\u0447\u043d\u044b\u0439 \u0440\u0435\u0441\u0442\u043e\u0440\u0430\u043d! \u041c\u044b \u043f\u043e\u0441\u0442\u043e\u044f\u043d\u043d\u044b\u0435 \u043a\u043b\u0438\u0435\u043d\u0442\u044b! \u041f\u0440\u0435\u043a\u0440\u0430\u0441\u043d\u0430\u044f \u043a\u0443\u0445\u043d\u044f, \u043f\u0435\u0440\u0441\u043e\u043d\u0430\u043b \u0437\u0430\u043c\u0435\u0447\u0430\u0442\u0435\u043b\u044c\u043d\u044b\u0439! \u041f\u043e\u0441\u043b\u0435\u0434\u043d\u0438\u0435 \u043d\u0435\u0441\u043a\u043e\u043b\u044c\u043a\u043e \u043b\u0435\u0442 \u043e\u0442\u043c\u0435\u0447\u0430\u0435\u0442 \u0432\u0441\u0435 \u043f\u0440\u0430\u0437\u0434\u043d\u0438\u043a\u0438 \u043d\u0430\u0448\u0435\u0439 \u0441\u0435\u043c\u044c\u0438 \u0442\u043e\u043b\u044c\u043a\u043e \u0442\u0430\u043c! \u0421\u0434\u0435\u043b\u0430\u0439\u0442\u0435 \u0441\u0435\u0431\u0435 \u043a\u0430\u0440\u0442\u0443 \u043a\u043b\u0438\u0435\u043d\u0442\u0430 \u043d\u0430 \u0441\u0432\u043e\u044e ID \u043a\u0430\u0440\u0442\u0443 \u0438 \u0443 \u0432\u0430\u0441 \u0431\u0443\u0434\u0435\u0442 \u043f\u043e\u0441\u0442\u043e\u044f\u043d\u043d\u0430\u044f \u0441\u043a\u0438\u0434\u043a\u0430! \u0420\u0435\u043a\u043e\u043c\u0435\u043d\u0434\u0443\u0435\u043c \u0432\u0441\u0435\u043c, \u0432\u0441\u0435\u043c, \u0432\u0441\u0435\u043c!<!-- R-CONTENT --><\/div> <span class=\"ti-read-more\" data-container=\".ti-review-content\" data-collapse-text=\"\u0421\u043a\u0440\u044b\u0432\u0430\u0442\u044c\" data-open-text=\"\u041f\u0440\u043e\u0447\u0438\u0442\u0430\u0439\u0442\u0435 \u0431\u043e\u043b\u044c\u0448\u0435\" ><\/span> <\/div> <\/div>  <div data-empty=\"0\" class=\"ti-review-item source-Google ti-image-layout-thumbnail\" data-id=\"cfcd208495d565ef66e7dff9f98764da\" > <div class=\"ti-inner\"> <div class=\"ti-review-header\">   <div class=\"ti-profile-details\"> <div class=\"ti-name\"> Johanna Kask <\/div> <div class=\"ti-date\">18\/03\/2023<\/div> <\/div> <\/div> <span class=\"ti-stars\"><trustindex-image class=\"ti-star\" data-imgurl=\"https:\/\/cdn.trustindex.io\/assets\/platform\/Google\/star\/f.svg\" alt=\"Google\" width=\"17\" height=\"17\" loading=\"lazy\" ><\/trustindex-image><trustindex-image class=\"ti-star\" data-imgurl=\"https:\/\/cdn.trustindex.io\/assets\/platform\/Google\/star\/f.svg\" alt=\"Google\" width=\"17\" height=\"17\" loading=\"lazy\" ><\/trustindex-image><trustindex-image class=\"ti-star\" data-imgurl=\"https:\/\/cdn.trustindex.io\/assets\/platform\/Google\/star\/f.svg\" alt=\"Google\" width=\"17\" height=\"17\" loading=\"lazy\" ><\/trustindex-image><trustindex-image class=\"ti-star\" data-imgurl=\"https:\/\/cdn.trustindex.io\/assets\/platform\/Google\/star\/f.svg\" alt=\"Google\" width=\"17\" height=\"17\" loading=\"lazy\" ><\/trustindex-image><trustindex-image class=\"ti-star\" data-imgurl=\"https:\/\/cdn.trustindex.io\/assets\/platform\/Google\/star\/f.svg\" alt=\"Google\" width=\"17\" height=\"17\" loading=\"lazy\" ><\/trustindex-image><\/span> <div class=\"ti-review-text-container ti-review-content\"><!-- R-CONTENT -->V\u00e4ga maitsvad toidud, eriti toitude kastmed!  Meie ettekandja Pavel T1 Pelmis oli h\u00e4sti tore ja s\u00f5bralik! \ud83d\ude07<!-- R-CONTENT --><\/div> <span class=\"ti-read-more\" data-container=\".ti-review-content\" data-collapse-text=\"\u0421\u043a\u0440\u044b\u0432\u0430\u0442\u044c\" data-open-text=\"\u041f\u0440\u043e\u0447\u0438\u0442\u0430\u0439\u0442\u0435 \u0431\u043e\u043b\u044c\u0448\u0435\" ><\/span> <\/div> <\/div>  <\/div> <div class=\"ti-controls-line\"> <div class=\"dot\"><\/div> <\/div> <\/div> <div class=\"ti-footer\"> <div class=\"ti-rating-text\"> <span class=\"nowrap\">\u041e\u0431\u0449\u0438\u0439 \u0440\u0435\u0439\u0442\u0438\u043d\u0433 \u0432 <strong>Google<\/strong> <\/span><span class=\"nowrap\"><strong>4.5<\/strong> \u0438\u0437 5,<\/span><span class=\"nowrap\">\u043d\u0430 \u043e\u0441\u043d\u043e\u0432\u0430\u043d\u0438\u0438 <strong>216 \u043e\u0442\u0437\u044b\u0432\u044b<\/strong><\/span> <\/div> <\/div>   <\/div> <\/div> <\/template><\/pre><div data-src=\"https:\/\/cdn.trustindex.io\/loader.js?wp-widget\" data-template-id=\"trustindex-google-widget-html\" data-css-url=\"https:\/\/pelm.ee\/wp-content\/uploads\/trustindex-google-widget.css?1747389709\"><\/div>\n\n\n\n<p class=\"has-text-align-center\">Read more reviews about us on <a href=\"https:\/\/www.google.com\/maps\/place\/Pelm+Restoran+T1\/@59.4247058,24.795234,15z\/data=!4m8!3m7!1s0x4692eb415e504bd7:0x1fb0f1d03801e115!8m2!3d59.4247058!4d24.795234!9m1!1b1!16s%2Fg%2F11j3vysscw\" target=\"_blank\" rel=\"noreferrer noopener\">Google Maps<\/a> and on our <a href=\"https:\/\/www.facebook.com\/restoranpelm\" target=\"_blank\" rel=\"noreferrer noopener\">Facebook<\/a> page.<\/p>\n","protected":false},"excerpt":{"rendered":"<p>Pelm Restaurants &#8211; here you can embark on a gastronomic journey around the world of Slavic cuisine with your family or friends. Pelm&#8217;s signature dishes are locally handmade dumplings. We offer an attractive selection of dumplings with meat, fish, and vegan fillings. Meat lovers can taste delicacies from our authentic Mibrasa charcoal grill, New Zealand [&hellip;]<\/p>\n","protected":false},"author":1,"featured_media":0,"parent":0,"menu_order":0,"comment_status":"closed","ping_status":"closed","template":"","meta":{"_acf_changed":false,"footnotes":""},"class_list":["post-1551","page","type-page","status-publish","hentry"],"acf":[],"yoast_head":"<!-- This site is optimized with the Yoast SEO plugin v25.4 - https:\/\/yoast.com\/wordpress\/plugins\/seo\/ -->\n<title>About Us - Pelm<\/title>\n<meta name=\"robots\" content=\"index, follow, max-snippet:-1, max-image-preview:large, max-video-preview:-1\" \/>\n<link rel=\"canonical\" href=\"https:\/\/pelm.ee\/en\/about-us\/\" \/>\n<meta property=\"og:locale\" content=\"en_US\" \/>\n<meta property=\"og:type\" content=\"article\" \/>\n<meta property=\"og:title\" content=\"About Us - Pelm\" \/>\n<meta property=\"og:description\" content=\"Pelm Restaurants &#8211; here you can embark on a gastronomic journey around the world of Slavic cuisine with your family or friends. Pelm&#8217;s signature dishes are locally handmade dumplings. We offer an attractive selection of dumplings with meat, fish, and vegan fillings. Meat lovers can taste delicacies from our authentic Mibrasa charcoal grill, New Zealand [&hellip;]\" \/>\n<meta property=\"og:url\" content=\"https:\/\/pelm.ee\/en\/about-us\/\" \/>\n<meta property=\"og:site_name\" content=\"Pelm\" \/>\n<meta property=\"article:publisher\" content=\"https:\/\/www.facebook.com\/restoranpelm\" \/>\n<meta property=\"article:modified_time\" content=\"2023-05-07T12:58:06+00:00\" \/>\n<meta property=\"og:image\" content=\"https:\/\/pelm.ee\/wp-content\/uploads\/2023\/04\/s-myasom-losya.jpg\" \/>\n<meta name=\"twitter:card\" content=\"summary_large_image\" \/>\n<meta name=\"twitter:label1\" content=\"Est. reading time\" \/>\n\t<meta name=\"twitter:data1\" content=\"2 minutes\" \/>\n<script type=\"application\/ld+json\" class=\"yoast-schema-graph\">{\"@context\":\"https:\/\/schema.org\",\"@graph\":[{\"@type\":\"WebPage\",\"@id\":\"https:\/\/pelm.ee\/en\/about-us\/\",\"url\":\"https:\/\/pelm.ee\/en\/about-us\/\",\"name\":\"About Us - Pelm\",\"isPartOf\":{\"@id\":\"https:\/\/pelm.ee\/en\/#website\"},\"primaryImageOfPage\":{\"@id\":\"https:\/\/pelm.ee\/en\/about-us\/#primaryimage\"},\"image\":{\"@id\":\"https:\/\/pelm.ee\/en\/about-us\/#primaryimage\"},\"thumbnailUrl\":\"https:\/\/pelm.ee\/wp-content\/uploads\/2023\/04\/s-myasom-losya.jpg\",\"datePublished\":\"2023-04-27T05:41:58+00:00\",\"dateModified\":\"2023-05-07T12:58:06+00:00\",\"breadcrumb\":{\"@id\":\"https:\/\/pelm.ee\/en\/about-us\/#breadcrumb\"},\"inLanguage\":\"en-US\",\"potentialAction\":[{\"@type\":\"ReadAction\",\"target\":[\"https:\/\/pelm.ee\/en\/about-us\/\"]}]},{\"@type\":\"ImageObject\",\"inLanguage\":\"en-US\",\"@id\":\"https:\/\/pelm.ee\/en\/about-us\/#primaryimage\",\"url\":\"https:\/\/pelm.ee\/wp-content\/uploads\/2023\/04\/s-myasom-losya.jpg\",\"contentUrl\":\"https:\/\/pelm.ee\/wp-content\/uploads\/2023\/04\/s-myasom-losya.jpg\"},{\"@type\":\"BreadcrumbList\",\"@id\":\"https:\/\/pelm.ee\/en\/about-us\/#breadcrumb\",\"itemListElement\":[{\"@type\":\"ListItem\",\"position\":1,\"name\":\"Main\",\"item\":\"https:\/\/pelm.ee\/en\/\"},{\"@type\":\"ListItem\",\"position\":2,\"name\":\"About Us\"}]},{\"@type\":\"WebSite\",\"@id\":\"https:\/\/pelm.ee\/en\/#website\",\"url\":\"https:\/\/pelm.ee\/en\/\",\"name\":\"\u0421\u0435\u0442\u044c \u0440\u0435\u0441\u0442\u043e\u0440\u0430\u043d\u043e\u0432 Pelm\",\"description\":\"\u0421\u0435\u0442\u044c \u0440\u0435\u0441\u0442\u043e\u0440\u0430\u043d\u043e\u0432\",\"publisher\":{\"@id\":\"https:\/\/pelm.ee\/en\/#organization\"},\"potentialAction\":[{\"@type\":\"SearchAction\",\"target\":{\"@type\":\"EntryPoint\",\"urlTemplate\":\"https:\/\/pelm.ee\/en\/?s={search_term_string}\"},\"query-input\":{\"@type\":\"PropertyValueSpecification\",\"valueRequired\":true,\"valueName\":\"search_term_string\"}}],\"inLanguage\":\"en-US\"},{\"@type\":\"Organization\",\"@id\":\"https:\/\/pelm.ee\/en\/#organization\",\"name\":\"\u0421\u0435\u0442\u044c \u0440\u0435\u0441\u0442\u043e\u0440\u0430\u043d\u043e\u0432 Pelm\",\"url\":\"https:\/\/pelm.ee\/en\/\",\"logo\":{\"@type\":\"ImageObject\",\"inLanguage\":\"en-US\",\"@id\":\"https:\/\/pelm.ee\/en\/#\/schema\/logo\/image\/\",\"url\":\"https:\/\/pelm.ee\/wp-content\/uploads\/2023\/07\/suur.jpg\",\"contentUrl\":\"https:\/\/pelm.ee\/wp-content\/uploads\/2023\/07\/suur.jpg\",\"width\":661,\"height\":661,\"caption\":\"\u0421\u0435\u0442\u044c \u0440\u0435\u0441\u0442\u043e\u0440\u0430\u043d\u043e\u0432 Pelm\"},\"image\":{\"@id\":\"https:\/\/pelm.ee\/en\/#\/schema\/logo\/image\/\"},\"sameAs\":[\"https:\/\/www.facebook.com\/restoranpelm\",\"https:\/\/instagram.com\/pelm_restoran\"]}]}<\/script>\n<!-- \/ Yoast SEO plugin. -->","yoast_head_json":{"title":"About Us - Pelm","robots":{"index":"index","follow":"follow","max-snippet":"max-snippet:-1","max-image-preview":"max-image-preview:large","max-video-preview":"max-video-preview:-1"},"canonical":"https:\/\/pelm.ee\/en\/about-us\/","og_locale":"en_US","og_type":"article","og_title":"About Us - Pelm","og_description":"Pelm Restaurants &#8211; here you can embark on a gastronomic journey around the world of Slavic cuisine with your family or friends. Pelm&#8217;s signature dishes are locally handmade dumplings. We offer an attractive selection of dumplings with meat, fish, and vegan fillings. Meat lovers can taste delicacies from our authentic Mibrasa charcoal grill, New Zealand [&hellip;]","og_url":"https:\/\/pelm.ee\/en\/about-us\/","og_site_name":"Pelm","article_publisher":"https:\/\/www.facebook.com\/restoranpelm","article_modified_time":"2023-05-07T12:58:06+00:00","og_image":[{"url":"https:\/\/pelm.ee\/wp-content\/uploads\/2023\/04\/s-myasom-losya.jpg","type":"","width":"","height":""}],"twitter_card":"summary_large_image","twitter_misc":{"Est. reading time":"2 minutes"},"schema":{"@context":"https:\/\/schema.org","@graph":[{"@type":"WebPage","@id":"https:\/\/pelm.ee\/en\/about-us\/","url":"https:\/\/pelm.ee\/en\/about-us\/","name":"About Us - Pelm","isPartOf":{"@id":"https:\/\/pelm.ee\/en\/#website"},"primaryImageOfPage":{"@id":"https:\/\/pelm.ee\/en\/about-us\/#primaryimage"},"image":{"@id":"https:\/\/pelm.ee\/en\/about-us\/#primaryimage"},"thumbnailUrl":"https:\/\/pelm.ee\/wp-content\/uploads\/2023\/04\/s-myasom-losya.jpg","datePublished":"2023-04-27T05:41:58+00:00","dateModified":"2023-05-07T12:58:06+00:00","breadcrumb":{"@id":"https:\/\/pelm.ee\/en\/about-us\/#breadcrumb"},"inLanguage":"en-US","potentialAction":[{"@type":"ReadAction","target":["https:\/\/pelm.ee\/en\/about-us\/"]}]},{"@type":"ImageObject","inLanguage":"en-US","@id":"https:\/\/pelm.ee\/en\/about-us\/#primaryimage","url":"https:\/\/pelm.ee\/wp-content\/uploads\/2023\/04\/s-myasom-losya.jpg","contentUrl":"https:\/\/pelm.ee\/wp-content\/uploads\/2023\/04\/s-myasom-losya.jpg"},{"@type":"BreadcrumbList","@id":"https:\/\/pelm.ee\/en\/about-us\/#breadcrumb","itemListElement":[{"@type":"ListItem","position":1,"name":"Main","item":"https:\/\/pelm.ee\/en\/"},{"@type":"ListItem","position":2,"name":"About Us"}]},{"@type":"WebSite","@id":"https:\/\/pelm.ee\/en\/#website","url":"https:\/\/pelm.ee\/en\/","name":"\u0421\u0435\u0442\u044c \u0440\u0435\u0441\u0442\u043e\u0440\u0430\u043d\u043e\u0432 Pelm","description":"\u0421\u0435\u0442\u044c \u0440\u0435\u0441\u0442\u043e\u0440\u0430\u043d\u043e\u0432","publisher":{"@id":"https:\/\/pelm.ee\/en\/#organization"},"potentialAction":[{"@type":"SearchAction","target":{"@type":"EntryPoint","urlTemplate":"https:\/\/pelm.ee\/en\/?s={search_term_string}"},"query-input":{"@type":"PropertyValueSpecification","valueRequired":true,"valueName":"search_term_string"}}],"inLanguage":"en-US"},{"@type":"Organization","@id":"https:\/\/pelm.ee\/en\/#organization","name":"\u0421\u0435\u0442\u044c \u0440\u0435\u0441\u0442\u043e\u0440\u0430\u043d\u043e\u0432 Pelm","url":"https:\/\/pelm.ee\/en\/","logo":{"@type":"ImageObject","inLanguage":"en-US","@id":"https:\/\/pelm.ee\/en\/#\/schema\/logo\/image\/","url":"https:\/\/pelm.ee\/wp-content\/uploads\/2023\/07\/suur.jpg","contentUrl":"https:\/\/pelm.ee\/wp-content\/uploads\/2023\/07\/suur.jpg","width":661,"height":661,"caption":"\u0421\u0435\u0442\u044c \u0440\u0435\u0441\u0442\u043e\u0440\u0430\u043d\u043e\u0432 Pelm"},"image":{"@id":"https:\/\/pelm.ee\/en\/#\/schema\/logo\/image\/"},"sameAs":["https:\/\/www.facebook.com\/restoranpelm","https:\/\/instagram.com\/pelm_restoran"]}]}},"_links":{"self":[{"href":"https:\/\/pelm.ee\/en\/wp-json\/wp\/v2\/pages\/1551","targetHints":{"allow":["GET"]}}],"collection":[{"href":"https:\/\/pelm.ee\/en\/wp-json\/wp\/v2\/pages"}],"about":[{"href":"https:\/\/pelm.ee\/en\/wp-json\/wp\/v2\/types\/page"}],"author":[{"embeddable":true,"href":"https:\/\/pelm.ee\/en\/wp-json\/wp\/v2\/users\/1"}],"replies":[{"embeddable":true,"href":"https:\/\/pelm.ee\/en\/wp-json\/wp\/v2\/comments?post=1551"}],"version-history":[{"count":3,"href":"https:\/\/pelm.ee\/en\/wp-json\/wp\/v2\/pages\/1551\/revisions"}],"predecessor-version":[{"id":2165,"href":"https:\/\/pelm.ee\/en\/wp-json\/wp\/v2\/pages\/1551\/revisions\/2165"}],"wp:attachment":[{"href":"https:\/\/pelm.ee\/en\/wp-json\/wp\/v2\/media?parent=1551"}],"curies":[{"name":"wp","href":"https:\/\/api.w.org\/{rel}","templated":true}]}}