{"id":3145,"date":"2023-04-22T08:20:53","date_gmt":"2023-04-22T05:20:53","guid":{"rendered":"https:\/\/pelm.ee\/privaatsuspoliitika\/"},"modified":"2023-05-31T14:09:50","modified_gmt":"2023-05-31T11:09:50","slug":"privaatsuspoliitika","status":"publish","type":"page","link":"https:\/\/pelm.ee\/et\/privaatsuspoliitika\/","title":{"rendered":"Privaatsuspoliitika"},"content":{"rendered":"\n<p><strong>Pelm.ee veebisaidi privaatsuspoliitika<\/strong><\/p>\n\n\n\n<p class=\"has-text-color\" style=\"color:#a6a6a6\">Veebisaidi haldus pelm.ee kohustub tagama Teie privaatsuse internetis. Meie jaoks on v\u00e4ga oluline kaitsta Teie poolt edastatud andmeid. Meie privaatsuspoliitika p\u00f5hineb <a href=\"https:\/\/commission.europa.eu\/law\/law-topic\/data-protection_en\">Euroopa Liidu \u00fcldise andmekaitse m\u00e4\u00e4ruse (GDPR)<\/a> n\u00f5uetel. Isikuandmete kogumise eesm\u00e4rgid on j\u00e4rgmised: meie teenuse t\u00f6\u00f6 parandamine, k\u00fclastajatele selle saidi kaudu suhtlemine, uudiskirjade saatmine e-posti teel, kasutajaandmete t\u00f6\u00f6tlemine veebikaubanduse teenuse jaoks, selle saidi tegevusega seotud teenuste pakkumine ning allpool toodud sammude jaoks.<\/p>\n\n\n\n<h4 class=\"wp-block-heading\"><strong>Isikuandmete kogumine ja kasutamine<\/strong><\/h4>\n\n\n\n<p class=\"has-text-color\" style=\"color:#a6a6a6\">Kogume ja kasutame Teie isikuandmeid ainult Teie vabatahtliku n\u00f5usoleku korral. Kui n\u00f5ustute sellega, annate meile \u00f5iguse koguda ja kasutada j\u00e4rgmisi andmeid: ees- ja perekonnanimi, s\u00fcnniaeg, e-posti aadress, telefoninumber, pangakaardi andmed. Teie andmete kogumine ja t\u00f6\u00f6tlemine toimub vastavalt kehtivatele seadustele Euroopa Liidu territooriumil ja Eesti Vabariigis.<\/p>\n\n\n\n<h4 class=\"wp-block-heading\"><strong>Andmete s\u00e4ilitamine, muutmine ja kustutamine<\/strong><\/h4>\n\n\n\n<p class=\"has-text-color\" style=\"color:#a6a6a6\">Kasutaja, kes on andnud oma isikuandmed pelm.ee veebisaidile, omab \u00f5igust neid muuta ja kustutada, samuti v\u00f5ib ta tagasi v\u00f5tta oma n\u00f5usoleku nende kasutamiseks. Teie isikuandmete s\u00e4ilitamise periood on 12 kuud. P\u00e4rast andmete kasutamise l\u00f5petamist kustutab veebisaidi haldamine need. Isikuandmetele juurdep\u00e4\u00e4suks v\u00f5ite v\u00f5tta \u00fchendust veebisaidi haldusega j\u00e4rgmisel aadressil: Pelm grupp O\u00dc Harju maakond, Tallinn, Lasnam\u00e4e linnaosa, Peterburi tee 2, 10115, telefon 14496312. V\u00f5ime teie isikuandmed edastada kolmandale osapoolele ainult teie vabatahtliku n\u00f5usoleku korral. Kui need andmed on edastatud, siis me ei saa muuta neid andmeid teistes organisatsioonides, kes ei ole seotud meiega.<\/p>\n\n\n\n<h4 class=\"wp-block-heading\"><strong>Tehniliste andmete kasutamine veebisaidi k\u00fclastamisel<\/strong><\/h4>\n\n\n\n<p class=\"has-text-color\" style=\"color:#a6a6a6\">Kui k\u00fclastate pelm.ee veebisaiti, salvestab andmebaas teie IP-aadressi, k\u00fclastuse aja, brauseri seaded, operatsioonis\u00fcsteemi ning muud tehnilist teavet, mis on vajalik saidi sisu korrektseks kuvamiseks. Selle teabe p\u00f5hjal ei ole meil v\u00f5imalik tuvastada k\u00fclastaja isikut.<\/p>\n\n\n\n<h4 class=\"wp-block-heading\"><strong>Laste poolt esitatud teabe esitamine<\/strong><\/h4>\n\n\n\n<p class=\"has-text-color\" style=\"color:#a6a6a6\">Kui olete vanem v\u00f5i eestkostja ning teate, et teie lapsed on ilma teie n\u00f5usolekuta meile esitanud oma isikuandmed, v\u00f5tke meiega \u00fchendust: <a href=\"mailto:marketing@pelm.ee\">marketing@pelm.ee<\/a>. Meie teenus keelab alaealiste isikuandmete esitamise ilma vanemate v\u00f5i eestkostjate n\u00f5usolekuta.<\/p>\n\n\n\n<h4 class=\"wp-block-heading\"><strong>K\u00fcpsiste kasutamine<\/strong><\/h4>\n\n\n\n<p class=\"has-text-color\" style=\"color:#a6a6a6\">Pelm.ee veebisaidi sisu \u00f5ige kuvamise ja kasutusmugavuse tagamiseks kasutame k\u00fcpsiseid. Need on v\u00e4ikesed failid, mis salvestatakse teie seadmesse. Need aitavad saitil meelde j\u00e4tta teavet teie kohta, n\u00e4iteks millises keeles saiti vaatate ja milliseid lehti olete juba avanud. See teave on j\u00e4rgmisel k\u00fclastusel kasulik. T\u00e4nu k\u00fcpsistele muutub saitil sirvimine palju mugavamaks. Rohkem teavet nende failide kohta leiate <a href=\"https:\/\/en.wikipedia.org\/wiki\/HTTP_cookie\">siit<\/a>. Saate oma brauseri seadistada nii, et see aktsepteerib v\u00f5i blokeerib k\u00fcpsiseid iseseisvalt. K\u00fcpsiste mittetunnustamine v\u00f5ib piirata saidi funktsionaalsust.<\/p>\n\n\n\n<h4 class=\"wp-block-heading\"><strong>Isikliku teabe kasutamine teiste teenuste poolt<\/strong><\/h4>\n\n\n\n<p class=\"has-text-color\" style=\"color:#a6a6a6\">See sait kasutab meist s\u00f5ltumatuid kolmandate osapoolte internetiteenuseid: Google Analytics, Facebook.com, bolt.eu, wolt.com. Kogutud andmed v\u00f5ivad olla jagatud teiste teenustega nende organisatsioonide piires ning neid v\u00f5ib kasutada reklaamide isikup\u00e4rastamiseks oma reklaamiv\u00f5rgustikus. Nende organisatsioonide kasutajalepinguid saate lugeda nende veebisaitidel. Seal saate ka keelduda nende poolt isiklike andmete kogumisest, n\u00e4iteks Google Analytics&#8217;i blokeerija asub <a href=\"https:\/\/tools.google.com\/dlpage\/gaoptout?hl=en-GB\">siin<\/a>. Me ei jaga isiklikke andmeid muude organisatsioonide ja teenustega, mida selles privaatsuspoliitikas pole loetletud. Ainsaks erandiks on teabe edastamine riigiasutuste seaduslike n\u00f5udmiste alusel, kes on volitatud selliseid toiminguid l\u00e4bi viima.<\/p>\n\n\n\n<h4 class=\"wp-block-heading\"><strong>Lingid teistele saitidele<\/strong><\/h4>\n\n\n\n<p class=\"has-text-color\" style=\"color:#a6a6a6\">Meie veebisait pelm.ee v\u00f5ib sisaldada linke teistele saitidele, mida me ei opereeri. Me ei vastuta nende sisu eest. Soovitame teil lugeda iga k\u00fclastatud saidi privaatsuspoliitikat, kui see on saadaval.<\/p>\n\n\n\n<h4 class=\"wp-block-heading\"><strong>Muudatused privaatsuspoliitikas<\/strong><\/h4>\n\n\n\n<p class=\"has-text-color\" style=\"color:#a6a6a6\">Meie veebisait pelm.ee v\u00f5ib aeg-ajalt oma privaatsuspoliitikat muuta. Teavitame teid k\u00f5igist muudatustest, postitades uue privaatsuspoliitika sellel lehel. J\u00e4lgime Euroopa Liidus ja Eesti riigis isikuandmete t\u00f6\u00f6tlemise \u00f5igusaktide muudatusi. Kui olete meiega isikuandmeid jaganud, teavitame teid privaatsuspoliitika muutumisest. Kui teie isikuandmed on sisestatud valesti, ei saa me teiega \u00fchendust v\u00f5tta.<\/p>\n\n\n\n<h4 class=\"wp-block-heading\"><strong>Tagasiside, l\u00f5pps\u00e4tted<\/strong><\/h4>\n\n\n\n<p class=\"has-text-color\" style=\"color:#a6a6a6\">Saate k\u00fcsimustega, mis on seotud privaatsuspoliitikaga, v\u00f5tta \u00fchendust pelm.ee veebisaidi haldusega aadressil <a href=\"mailto:marketing@pelm.ee\">marketing@pelm.ee<\/a> v\u00f5i kasutada vastavas jaotises m\u00e4rgitud kontaktivormi. Kui te ei n\u00f5ustu selle privaatsuspoliitikaga, ei saa te kasutada pelm.ee veebisaidi teenuseid, mille korral peaksite hoiduma meie veebisaidi k\u00fclastamisest.<\/p>\n","protected":false},"excerpt":{"rendered":"<p>Pelm.ee veebisaidi privaatsuspoliitika Veebisaidi haldus pelm.ee kohustub tagama Teie privaatsuse internetis. Meie jaoks on v\u00e4ga oluline kaitsta Teie poolt edastatud andmeid. Meie privaatsuspoliitika p\u00f5hineb Euroopa Liidu \u00fcldise andmekaitse m\u00e4\u00e4ruse (GDPR) n\u00f5uetel. Isikuandmete kogumise eesm\u00e4rgid on j\u00e4rgmised: meie teenuse t\u00f6\u00f6 parandamine, k\u00fclastajatele selle saidi kaudu suhtlemine, uudiskirjade saatmine e-posti teel, kasutajaandmete t\u00f6\u00f6tlemine veebikaubanduse teenuse jaoks, selle [&hellip;]<\/p>\n","protected":false},"author":1,"featured_media":0,"parent":0,"menu_order":0,"comment_status":"closed","ping_status":"open","template":"","meta":{"_acf_changed":false,"footnotes":""},"class_list":["post-3145","page","type-page","status-publish","hentry"],"acf":[],"yoast_head":"<!-- This site is optimized with the Yoast SEO plugin v25.4 - https:\/\/yoast.com\/wordpress\/plugins\/seo\/ -->\n<title>Privaatsuspoliitika - Pelm<\/title>\n<meta name=\"robots\" content=\"index, follow, max-snippet:-1, max-image-preview:large, max-video-preview:-1\" \/>\n<link rel=\"canonical\" href=\"https:\/\/pelm.ee\/et\/privaatsuspoliitika\/\" \/>\n<meta property=\"og:locale\" content=\"et_EE\" \/>\n<meta property=\"og:type\" content=\"article\" \/>\n<meta property=\"og:title\" content=\"Privaatsuspoliitika - Pelm\" \/>\n<meta property=\"og:description\" content=\"Pelm.ee veebisaidi privaatsuspoliitika Veebisaidi haldus pelm.ee kohustub tagama Teie privaatsuse internetis. Meie jaoks on v\u00e4ga oluline kaitsta Teie poolt edastatud andmeid. Meie privaatsuspoliitika p\u00f5hineb Euroopa Liidu \u00fcldise andmekaitse m\u00e4\u00e4ruse (GDPR) n\u00f5uetel. Isikuandmete kogumise eesm\u00e4rgid on j\u00e4rgmised: meie teenuse t\u00f6\u00f6 parandamine, k\u00fclastajatele selle saidi kaudu suhtlemine, uudiskirjade saatmine e-posti teel, kasutajaandmete t\u00f6\u00f6tlemine veebikaubanduse teenuse jaoks, selle [&hellip;]\" \/>\n<meta property=\"og:url\" content=\"https:\/\/pelm.ee\/et\/privaatsuspoliitika\/\" \/>\n<meta property=\"og:site_name\" content=\"Pelm\" \/>\n<meta property=\"article:publisher\" content=\"https:\/\/www.facebook.com\/restoranpelm\" \/>\n<meta property=\"article:modified_time\" content=\"2023-05-31T11:09:50+00:00\" \/>\n<meta name=\"twitter:card\" content=\"summary_large_image\" \/>\n<meta name=\"twitter:label1\" content=\"Est. reading time\" \/>\n\t<meta name=\"twitter:data1\" content=\"4 minutit\" \/>\n<script type=\"application\/ld+json\" class=\"yoast-schema-graph\">{\"@context\":\"https:\/\/schema.org\",\"@graph\":[{\"@type\":\"WebPage\",\"@id\":\"https:\/\/pelm.ee\/et\/privaatsuspoliitika\/\",\"url\":\"https:\/\/pelm.ee\/et\/privaatsuspoliitika\/\",\"name\":\"Privaatsuspoliitika - Pelm\",\"isPartOf\":{\"@id\":\"https:\/\/pelm.ee\/et\/#website\"},\"datePublished\":\"2023-04-22T05:20:53+00:00\",\"dateModified\":\"2023-05-31T11:09:50+00:00\",\"breadcrumb\":{\"@id\":\"https:\/\/pelm.ee\/et\/privaatsuspoliitika\/#breadcrumb\"},\"inLanguage\":\"et\",\"potentialAction\":[{\"@type\":\"ReadAction\",\"target\":[\"https:\/\/pelm.ee\/et\/privaatsuspoliitika\/\"]}]},{\"@type\":\"BreadcrumbList\",\"@id\":\"https:\/\/pelm.ee\/et\/privaatsuspoliitika\/#breadcrumb\",\"itemListElement\":[{\"@type\":\"ListItem\",\"position\":1,\"name\":\"Kodu\",\"item\":\"https:\/\/pelm.ee\/et\/\"},{\"@type\":\"ListItem\",\"position\":2,\"name\":\"Privaatsuspoliitika\"}]},{\"@type\":\"WebSite\",\"@id\":\"https:\/\/pelm.ee\/et\/#website\",\"url\":\"https:\/\/pelm.ee\/et\/\",\"name\":\"\u0421\u0435\u0442\u044c \u0440\u0435\u0441\u0442\u043e\u0440\u0430\u043d\u043e\u0432 Pelm\",\"description\":\"\u0421\u0435\u0442\u044c \u0440\u0435\u0441\u0442\u043e\u0440\u0430\u043d\u043e\u0432\",\"publisher\":{\"@id\":\"https:\/\/pelm.ee\/et\/#organization\"},\"potentialAction\":[{\"@type\":\"SearchAction\",\"target\":{\"@type\":\"EntryPoint\",\"urlTemplate\":\"https:\/\/pelm.ee\/et\/?s={search_term_string}\"},\"query-input\":{\"@type\":\"PropertyValueSpecification\",\"valueRequired\":true,\"valueName\":\"search_term_string\"}}],\"inLanguage\":\"et\"},{\"@type\":\"Organization\",\"@id\":\"https:\/\/pelm.ee\/et\/#organization\",\"name\":\"\u0421\u0435\u0442\u044c \u0440\u0435\u0441\u0442\u043e\u0440\u0430\u043d\u043e\u0432 Pelm\",\"url\":\"https:\/\/pelm.ee\/et\/\",\"logo\":{\"@type\":\"ImageObject\",\"inLanguage\":\"et\",\"@id\":\"https:\/\/pelm.ee\/et\/#\/schema\/logo\/image\/\",\"url\":\"https:\/\/pelm.ee\/wp-content\/uploads\/2023\/07\/suur.jpg\",\"contentUrl\":\"https:\/\/pelm.ee\/wp-content\/uploads\/2023\/07\/suur.jpg\",\"width\":661,\"height\":661,\"caption\":\"\u0421\u0435\u0442\u044c \u0440\u0435\u0441\u0442\u043e\u0440\u0430\u043d\u043e\u0432 Pelm\"},\"image\":{\"@id\":\"https:\/\/pelm.ee\/et\/#\/schema\/logo\/image\/\"},\"sameAs\":[\"https:\/\/www.facebook.com\/restoranpelm\",\"https:\/\/instagram.com\/pelm_restoran\"]}]}<\/script>\n<!-- \/ Yoast SEO plugin. -->","yoast_head_json":{"title":"Privaatsuspoliitika - Pelm","robots":{"index":"index","follow":"follow","max-snippet":"max-snippet:-1","max-image-preview":"max-image-preview:large","max-video-preview":"max-video-preview:-1"},"canonical":"https:\/\/pelm.ee\/et\/privaatsuspoliitika\/","og_locale":"et_EE","og_type":"article","og_title":"Privaatsuspoliitika - Pelm","og_description":"Pelm.ee veebisaidi privaatsuspoliitika Veebisaidi haldus pelm.ee kohustub tagama Teie privaatsuse internetis. Meie jaoks on v\u00e4ga oluline kaitsta Teie poolt edastatud andmeid. Meie privaatsuspoliitika p\u00f5hineb Euroopa Liidu \u00fcldise andmekaitse m\u00e4\u00e4ruse (GDPR) n\u00f5uetel. Isikuandmete kogumise eesm\u00e4rgid on j\u00e4rgmised: meie teenuse t\u00f6\u00f6 parandamine, k\u00fclastajatele selle saidi kaudu suhtlemine, uudiskirjade saatmine e-posti teel, kasutajaandmete t\u00f6\u00f6tlemine veebikaubanduse teenuse jaoks, selle [&hellip;]","og_url":"https:\/\/pelm.ee\/et\/privaatsuspoliitika\/","og_site_name":"Pelm","article_publisher":"https:\/\/www.facebook.com\/restoranpelm","article_modified_time":"2023-05-31T11:09:50+00:00","twitter_card":"summary_large_image","twitter_misc":{"Est. reading time":"4 minutit"},"schema":{"@context":"https:\/\/schema.org","@graph":[{"@type":"WebPage","@id":"https:\/\/pelm.ee\/et\/privaatsuspoliitika\/","url":"https:\/\/pelm.ee\/et\/privaatsuspoliitika\/","name":"Privaatsuspoliitika - Pelm","isPartOf":{"@id":"https:\/\/pelm.ee\/et\/#website"},"datePublished":"2023-04-22T05:20:53+00:00","dateModified":"2023-05-31T11:09:50+00:00","breadcrumb":{"@id":"https:\/\/pelm.ee\/et\/privaatsuspoliitika\/#breadcrumb"},"inLanguage":"et","potentialAction":[{"@type":"ReadAction","target":["https:\/\/pelm.ee\/et\/privaatsuspoliitika\/"]}]},{"@type":"BreadcrumbList","@id":"https:\/\/pelm.ee\/et\/privaatsuspoliitika\/#breadcrumb","itemListElement":[{"@type":"ListItem","position":1,"name":"Kodu","item":"https:\/\/pelm.ee\/et\/"},{"@type":"ListItem","position":2,"name":"Privaatsuspoliitika"}]},{"@type":"WebSite","@id":"https:\/\/pelm.ee\/et\/#website","url":"https:\/\/pelm.ee\/et\/","name":"\u0421\u0435\u0442\u044c \u0440\u0435\u0441\u0442\u043e\u0440\u0430\u043d\u043e\u0432 Pelm","description":"\u0421\u0435\u0442\u044c \u0440\u0435\u0441\u0442\u043e\u0440\u0430\u043d\u043e\u0432","publisher":{"@id":"https:\/\/pelm.ee\/et\/#organization"},"potentialAction":[{"@type":"SearchAction","target":{"@type":"EntryPoint","urlTemplate":"https:\/\/pelm.ee\/et\/?s={search_term_string}"},"query-input":{"@type":"PropertyValueSpecification","valueRequired":true,"valueName":"search_term_string"}}],"inLanguage":"et"},{"@type":"Organization","@id":"https:\/\/pelm.ee\/et\/#organization","name":"\u0421\u0435\u0442\u044c \u0440\u0435\u0441\u0442\u043e\u0440\u0430\u043d\u043e\u0432 Pelm","url":"https:\/\/pelm.ee\/et\/","logo":{"@type":"ImageObject","inLanguage":"et","@id":"https:\/\/pelm.ee\/et\/#\/schema\/logo\/image\/","url":"https:\/\/pelm.ee\/wp-content\/uploads\/2023\/07\/suur.jpg","contentUrl":"https:\/\/pelm.ee\/wp-content\/uploads\/2023\/07\/suur.jpg","width":661,"height":661,"caption":"\u0421\u0435\u0442\u044c \u0440\u0435\u0441\u0442\u043e\u0440\u0430\u043d\u043e\u0432 Pelm"},"image":{"@id":"https:\/\/pelm.ee\/et\/#\/schema\/logo\/image\/"},"sameAs":["https:\/\/www.facebook.com\/restoranpelm","https:\/\/instagram.com\/pelm_restoran"]}]}},"_links":{"self":[{"href":"https:\/\/pelm.ee\/et\/wp-json\/wp\/v2\/pages\/3145","targetHints":{"allow":["GET"]}}],"collection":[{"href":"https:\/\/pelm.ee\/et\/wp-json\/wp\/v2\/pages"}],"about":[{"href":"https:\/\/pelm.ee\/et\/wp-json\/wp\/v2\/types\/page"}],"author":[{"embeddable":true,"href":"https:\/\/pelm.ee\/et\/wp-json\/wp\/v2\/users\/1"}],"replies":[{"embeddable":true,"href":"https:\/\/pelm.ee\/et\/wp-json\/wp\/v2\/comments?post=3145"}],"version-history":[{"count":7,"href":"https:\/\/pelm.ee\/et\/wp-json\/wp\/v2\/pages\/3145\/revisions"}],"predecessor-version":[{"id":3171,"href":"https:\/\/pelm.ee\/et\/wp-json\/wp\/v2\/pages\/3145\/revisions\/3171"}],"wp:attachment":[{"href":"https:\/\/pelm.ee\/et\/wp-json\/wp\/v2\/media?parent=3145"}],"curies":[{"name":"wp","href":"https:\/\/api.w.org\/{rel}","templated":true}]}}