{"id":2205,"date":"2023-05-07T17:03:19","date_gmt":"2023-05-07T14:03:19","guid":{"rendered":"https:\/\/pelm.ee\/osakkeet-2\/"},"modified":"2023-05-22T11:30:50","modified_gmt":"2023-05-22T08:30:50","slug":"kampanjat","status":"publish","type":"page","link":"https:\/\/pelm.ee\/fi\/kampanjat\/","title":{"rendered":"Kampanjat"},"content":{"rendered":"<div class=\"woocommerce columns-4 \"><ul class=\"products columns-4\">\n<li class=\"product type-product post-3550 status-publish first instock product_cat-pakasteruoka has-post-thumbnail shipping-taxable purchasable product-type-simple\">\n\t<a href=\"https:\/\/pelm.ee\/fi\/tuote\/syrniki-1sht\/\" class=\"woocommerce-LoopProduct-link woocommerce-loop-product__link\"><img loading=\"lazy\" decoding=\"async\" width=\"600\" height=\"600\" src=\"https:\/\/pelm.ee\/wp-content\/uploads\/2023\/06\/14-600x600.jpg\" class=\"attachment-woocommerce_thumbnail size-woocommerce_thumbnail\" alt=\"Villisikapihvi sienill\u00e4 (90 g) 1 kpl\" srcset=\"https:\/\/pelm.ee\/wp-content\/uploads\/2023\/06\/14-600x600.jpg 600w, https:\/\/pelm.ee\/wp-content\/uploads\/2023\/06\/14-150x150.jpg 150w, https:\/\/pelm.ee\/wp-content\/uploads\/2023\/06\/14-100x100.jpg 100w, https:\/\/pelm.ee\/wp-content\/uploads\/2023\/06\/14-50x50.jpg 50w\" sizes=\"auto, (max-width: 600px) 100vw, 600px\" \/><h2 class=\"woocommerce-loop-product__title\">Villisikapihvi sienill\u00e4 (90 g) 1 kpl<\/h2><\/a>\n<div class=\"product-basket\">\n\n\t<span class=\"price\"><span class=\"woocommerce-Price-amount amount\"><bdi>0,90&nbsp;<span class=\"woocommerce-Price-currencySymbol\">&euro;<\/span><\/bdi><\/span><\/span>\n\n<a href=\"?add-to-cart=3550\" data-quantity=\"1\" class=\"button product_type_simple add_to_cart_button ajax_add_to_cart\" data-product_id=\"3550\" data-product_sku=\"\" aria-label=\"Lis\u00e4\u00e4 ostoskoriin: &ldquo;Villisikapihvi sienill\u00e4 (90 g) 1 kpl&rdquo;\" rel=\"nofollow\" data-success_message=\"&ldquo;Villisikapihvi sienill\u00e4 (90 g) 1 kpl&rdquo; on lis\u00e4tty ostoskoriin\">Lis\u00e4\u00e4 ostoskoriin<\/a>\n<\/div>\n<\/li>\n<li class=\"product type-product post-1671 status-publish instock product_cat-kasintehdyt-pelmenit-ja-varenikit product_cat-nyytit-ja-nyytit product_cat-pelmenit-ja-varenikit has-post-thumbnail shipping-taxable purchasable product-type-simple\">\n\t<a href=\"https:\/\/pelm.ee\/fi\/tuote\/obzharennye-domashnie-pelmeni-smetana-adzhika\/\" class=\"woocommerce-LoopProduct-link woocommerce-loop-product__link\"><img loading=\"lazy\" decoding=\"async\" width=\"600\" height=\"600\" src=\"https:\/\/pelm.ee\/wp-content\/uploads\/2023\/04\/pelmeenid-praetud-600x600.jpg\" class=\"attachment-woocommerce_thumbnail size-woocommerce_thumbnail\" alt=\"Paistetut kotoiset pelmeenit, hapankermaa ja adzikakastiketta\" srcset=\"https:\/\/pelm.ee\/wp-content\/uploads\/2023\/04\/pelmeenid-praetud-600x600.jpg 600w, https:\/\/pelm.ee\/wp-content\/uploads\/2023\/04\/pelmeenid-praetud-150x150.jpg 150w, https:\/\/pelm.ee\/wp-content\/uploads\/2023\/04\/pelmeenid-praetud-100x100.jpg 100w, https:\/\/pelm.ee\/wp-content\/uploads\/2023\/04\/pelmeenid-praetud-50x50.jpg 50w\" sizes=\"auto, (max-width: 600px) 100vw, 600px\" \/><h2 class=\"woocommerce-loop-product__title\">Paistetut kotoiset pelmeenit, hapankermaa ja adzikakastiketta<\/h2><\/a>\n<div class=\"product-basket\">\n\n\t<span class=\"price\"><span class=\"woocommerce-Price-amount amount\"><bdi>10,90&nbsp;<span class=\"woocommerce-Price-currencySymbol\">&euro;<\/span><\/bdi><\/span><\/span>\n\n<a href=\"?add-to-cart=1671\" data-quantity=\"1\" class=\"button product_type_simple add_to_cart_button ajax_add_to_cart\" data-product_id=\"1671\" data-product_sku=\"\" aria-label=\"Lis\u00e4\u00e4 ostoskoriin: &ldquo;Paistetut kotoiset pelmeenit, hapankermaa ja adzikakastiketta&rdquo;\" rel=\"nofollow\" data-success_message=\"&ldquo;Paistetut kotoiset pelmeenit, hapankermaa ja adzikakastiketta&rdquo; on lis\u00e4tty ostoskoriin\">Lis\u00e4\u00e4 ostoskoriin<\/a>\n<\/div>\n<\/li>\n<li class=\"product type-product post-3570 status-publish instock product_cat-pakasteruoka has-post-thumbnail shipping-taxable purchasable product-type-simple\">\n\t<a href=\"https:\/\/pelm.ee\/fi\/tuote\/domashnyaya-kotleta-90g-1sht\/\" class=\"woocommerce-LoopProduct-link woocommerce-loop-product__link\"><img loading=\"lazy\" decoding=\"async\" width=\"600\" height=\"600\" src=\"https:\/\/pelm.ee\/wp-content\/uploads\/2023\/06\/15-1-600x600.jpg\" class=\"attachment-woocommerce_thumbnail size-woocommerce_thumbnail\" alt=\"Kotitekoinen leikkele (90g) 1kpl\" srcset=\"https:\/\/pelm.ee\/wp-content\/uploads\/2023\/06\/15-1-600x600.jpg 600w, https:\/\/pelm.ee\/wp-content\/uploads\/2023\/06\/15-1-150x150.jpg 150w, https:\/\/pelm.ee\/wp-content\/uploads\/2023\/06\/15-1-100x100.jpg 100w, https:\/\/pelm.ee\/wp-content\/uploads\/2023\/06\/15-1-50x50.jpg 50w\" sizes=\"auto, (max-width: 600px) 100vw, 600px\" \/><h2 class=\"woocommerce-loop-product__title\">Kotitekoinen leikkele (90g) 1kpl<\/h2><\/a>\n<div class=\"product-basket\">\n\n\t<span class=\"price\"><span class=\"woocommerce-Price-amount amount\"><bdi>1,80&nbsp;<span class=\"woocommerce-Price-currencySymbol\">&euro;<\/span><\/bdi><\/span><\/span>\n\n<a href=\"?add-to-cart=3570\" data-quantity=\"1\" class=\"button product_type_simple add_to_cart_button ajax_add_to_cart\" data-product_id=\"3570\" data-product_sku=\"\" aria-label=\"Lis\u00e4\u00e4 ostoskoriin: &ldquo;Kotitekoinen leikkele (90g) 1kpl&rdquo;\" rel=\"nofollow\" data-success_message=\"&ldquo;Kotitekoinen leikkele (90g) 1kpl&rdquo; on lis\u00e4tty ostoskoriin\">Lis\u00e4\u00e4 ostoskoriin<\/a>\n<\/div>\n<\/li>\n<li class=\"product type-product post-1717 status-publish last instock product_cat-koristeet product_cat-lisakkeet product_cat-lisakkeet-fi has-post-thumbnail shipping-taxable purchasable product-type-simple\">\n\t<a href=\"https:\/\/pelm.ee\/fi\/tuote\/domashnij-zharenyj-kartofel-s-lukom\/\" class=\"woocommerce-LoopProduct-link woocommerce-loop-product__link\"><img loading=\"lazy\" decoding=\"async\" width=\"600\" height=\"600\" src=\"https:\/\/pelm.ee\/wp-content\/uploads\/2023\/04\/domashnij-zharenyj-kartofel-1-600x600.jpg\" class=\"attachment-woocommerce_thumbnail size-woocommerce_thumbnail\" alt=\"Kotoiset paistetut perunat sipulin kera\" srcset=\"https:\/\/pelm.ee\/wp-content\/uploads\/2023\/04\/domashnij-zharenyj-kartofel-1-600x600.jpg 600w, https:\/\/pelm.ee\/wp-content\/uploads\/2023\/04\/domashnij-zharenyj-kartofel-1-100x100.jpg 100w, https:\/\/pelm.ee\/wp-content\/uploads\/2023\/04\/domashnij-zharenyj-kartofel-1-300x300.jpg 300w, https:\/\/pelm.ee\/wp-content\/uploads\/2023\/04\/domashnij-zharenyj-kartofel-1-150x150.jpg 150w, https:\/\/pelm.ee\/wp-content\/uploads\/2023\/04\/domashnij-zharenyj-kartofel-1-768x768.jpg 768w, https:\/\/pelm.ee\/wp-content\/uploads\/2023\/04\/domashnij-zharenyj-kartofel-1.jpg 1000w\" sizes=\"auto, (max-width: 600px) 100vw, 600px\" \/><h2 class=\"woocommerce-loop-product__title\">Kotoiset paistetut perunat sipulin kera<\/h2><\/a>\n<div class=\"product-basket\">\n\n\t<span class=\"price\"><span class=\"woocommerce-Price-amount amount\"><bdi>5,50&nbsp;<span class=\"woocommerce-Price-currencySymbol\">&euro;<\/span><\/bdi><\/span><\/span>\n\n<a href=\"?add-to-cart=1717\" data-quantity=\"1\" class=\"button product_type_simple add_to_cart_button ajax_add_to_cart\" data-product_id=\"1717\" data-product_sku=\"\" aria-label=\"Lis\u00e4\u00e4 ostoskoriin: &ldquo;Kotoiset paistetut perunat sipulin kera&rdquo;\" rel=\"nofollow\" data-success_message=\"&ldquo;Kotoiset paistetut perunat sipulin kera&rdquo; on lis\u00e4tty ostoskoriin\">Lis\u00e4\u00e4 ostoskoriin<\/a>\n<\/div>\n<\/li>\n<\/ul>\n<\/div>\n","protected":false},"excerpt":{"rendered":"","protected":false},"author":1,"featured_media":0,"parent":0,"menu_order":0,"comment_status":"closed","ping_status":"closed","template":"","meta":{"_acf_changed":false,"footnotes":""},"class_list":["post-2205","page","type-page","status-publish","hentry"],"acf":[],"yoast_head":"<!-- This site is optimized with the Yoast SEO plugin v25.4 - https:\/\/yoast.com\/wordpress\/plugins\/seo\/ -->\n<title>Kampanjat - Pelm<\/title>\n<meta name=\"robots\" content=\"index, follow, max-snippet:-1, max-image-preview:large, max-video-preview:-1\" \/>\n<link rel=\"canonical\" href=\"https:\/\/pelm.ee\/fi\/kampanjat\/\" \/>\n<meta property=\"og:locale\" content=\"fi_FI\" \/>\n<meta property=\"og:type\" content=\"article\" \/>\n<meta property=\"og:title\" content=\"Kampanjat - Pelm\" \/>\n<meta property=\"og:url\" content=\"https:\/\/pelm.ee\/fi\/kampanjat\/\" \/>\n<meta property=\"og:site_name\" content=\"Pelm\" \/>\n<meta property=\"article:publisher\" content=\"https:\/\/www.facebook.com\/restoranpelm\" \/>\n<meta property=\"article:modified_time\" content=\"2023-05-22T08:30:50+00:00\" \/>\n<meta name=\"twitter:card\" content=\"summary_large_image\" \/>\n<script type=\"application\/ld+json\" class=\"yoast-schema-graph\">{\"@context\":\"https:\/\/schema.org\",\"@graph\":[{\"@type\":\"WebPage\",\"@id\":\"https:\/\/pelm.ee\/fi\/kampanjat\/\",\"url\":\"https:\/\/pelm.ee\/fi\/kampanjat\/\",\"name\":\"Kampanjat - Pelm\",\"isPartOf\":{\"@id\":\"https:\/\/pelm.ee\/fi\/#website\"},\"datePublished\":\"2023-05-07T14:03:19+00:00\",\"dateModified\":\"2023-05-22T08:30:50+00:00\",\"breadcrumb\":{\"@id\":\"https:\/\/pelm.ee\/fi\/kampanjat\/#breadcrumb\"},\"inLanguage\":\"fi\",\"potentialAction\":[{\"@type\":\"ReadAction\",\"target\":[\"https:\/\/pelm.ee\/fi\/kampanjat\/\"]}]},{\"@type\":\"BreadcrumbList\",\"@id\":\"https:\/\/pelm.ee\/fi\/kampanjat\/#breadcrumb\",\"itemListElement\":[{\"@type\":\"ListItem\",\"position\":1,\"name\":\"Koti\",\"item\":\"https:\/\/pelm.ee\/fi\/\"},{\"@type\":\"ListItem\",\"position\":2,\"name\":\"Kampanjat\"}]},{\"@type\":\"WebSite\",\"@id\":\"https:\/\/pelm.ee\/fi\/#website\",\"url\":\"https:\/\/pelm.ee\/fi\/\",\"name\":\"\u0421\u0435\u0442\u044c \u0440\u0435\u0441\u0442\u043e\u0440\u0430\u043d\u043e\u0432 Pelm\",\"description\":\"\u0421\u0435\u0442\u044c \u0440\u0435\u0441\u0442\u043e\u0440\u0430\u043d\u043e\u0432\",\"publisher\":{\"@id\":\"https:\/\/pelm.ee\/fi\/#organization\"},\"potentialAction\":[{\"@type\":\"SearchAction\",\"target\":{\"@type\":\"EntryPoint\",\"urlTemplate\":\"https:\/\/pelm.ee\/fi\/?s={search_term_string}\"},\"query-input\":{\"@type\":\"PropertyValueSpecification\",\"valueRequired\":true,\"valueName\":\"search_term_string\"}}],\"inLanguage\":\"fi\"},{\"@type\":\"Organization\",\"@id\":\"https:\/\/pelm.ee\/fi\/#organization\",\"name\":\"\u0421\u0435\u0442\u044c \u0440\u0435\u0441\u0442\u043e\u0440\u0430\u043d\u043e\u0432 Pelm\",\"url\":\"https:\/\/pelm.ee\/fi\/\",\"logo\":{\"@type\":\"ImageObject\",\"inLanguage\":\"fi\",\"@id\":\"https:\/\/pelm.ee\/fi\/#\/schema\/logo\/image\/\",\"url\":\"https:\/\/pelm.ee\/wp-content\/uploads\/2023\/07\/suur.jpg\",\"contentUrl\":\"https:\/\/pelm.ee\/wp-content\/uploads\/2023\/07\/suur.jpg\",\"width\":661,\"height\":661,\"caption\":\"\u0421\u0435\u0442\u044c \u0440\u0435\u0441\u0442\u043e\u0440\u0430\u043d\u043e\u0432 Pelm\"},\"image\":{\"@id\":\"https:\/\/pelm.ee\/fi\/#\/schema\/logo\/image\/\"},\"sameAs\":[\"https:\/\/www.facebook.com\/restoranpelm\",\"https:\/\/instagram.com\/pelm_restoran\"]}]}<\/script>\n<!-- \/ Yoast SEO plugin. -->","yoast_head_json":{"title":"Kampanjat - Pelm","robots":{"index":"index","follow":"follow","max-snippet":"max-snippet:-1","max-image-preview":"max-image-preview:large","max-video-preview":"max-video-preview:-1"},"canonical":"https:\/\/pelm.ee\/fi\/kampanjat\/","og_locale":"fi_FI","og_type":"article","og_title":"Kampanjat - Pelm","og_url":"https:\/\/pelm.ee\/fi\/kampanjat\/","og_site_name":"Pelm","article_publisher":"https:\/\/www.facebook.com\/restoranpelm","article_modified_time":"2023-05-22T08:30:50+00:00","twitter_card":"summary_large_image","schema":{"@context":"https:\/\/schema.org","@graph":[{"@type":"WebPage","@id":"https:\/\/pelm.ee\/fi\/kampanjat\/","url":"https:\/\/pelm.ee\/fi\/kampanjat\/","name":"Kampanjat - Pelm","isPartOf":{"@id":"https:\/\/pelm.ee\/fi\/#website"},"datePublished":"2023-05-07T14:03:19+00:00","dateModified":"2023-05-22T08:30:50+00:00","breadcrumb":{"@id":"https:\/\/pelm.ee\/fi\/kampanjat\/#breadcrumb"},"inLanguage":"fi","potentialAction":[{"@type":"ReadAction","target":["https:\/\/pelm.ee\/fi\/kampanjat\/"]}]},{"@type":"BreadcrumbList","@id":"https:\/\/pelm.ee\/fi\/kampanjat\/#breadcrumb","itemListElement":[{"@type":"ListItem","position":1,"name":"Koti","item":"https:\/\/pelm.ee\/fi\/"},{"@type":"ListItem","position":2,"name":"Kampanjat"}]},{"@type":"WebSite","@id":"https:\/\/pelm.ee\/fi\/#website","url":"https:\/\/pelm.ee\/fi\/","name":"\u0421\u0435\u0442\u044c \u0440\u0435\u0441\u0442\u043e\u0440\u0430\u043d\u043e\u0432 Pelm","description":"\u0421\u0435\u0442\u044c \u0440\u0435\u0441\u0442\u043e\u0440\u0430\u043d\u043e\u0432","publisher":{"@id":"https:\/\/pelm.ee\/fi\/#organization"},"potentialAction":[{"@type":"SearchAction","target":{"@type":"EntryPoint","urlTemplate":"https:\/\/pelm.ee\/fi\/?s={search_term_string}"},"query-input":{"@type":"PropertyValueSpecification","valueRequired":true,"valueName":"search_term_string"}}],"inLanguage":"fi"},{"@type":"Organization","@id":"https:\/\/pelm.ee\/fi\/#organization","name":"\u0421\u0435\u0442\u044c \u0440\u0435\u0441\u0442\u043e\u0440\u0430\u043d\u043e\u0432 Pelm","url":"https:\/\/pelm.ee\/fi\/","logo":{"@type":"ImageObject","inLanguage":"fi","@id":"https:\/\/pelm.ee\/fi\/#\/schema\/logo\/image\/","url":"https:\/\/pelm.ee\/wp-content\/uploads\/2023\/07\/suur.jpg","contentUrl":"https:\/\/pelm.ee\/wp-content\/uploads\/2023\/07\/suur.jpg","width":661,"height":661,"caption":"\u0421\u0435\u0442\u044c \u0440\u0435\u0441\u0442\u043e\u0440\u0430\u043d\u043e\u0432 Pelm"},"image":{"@id":"https:\/\/pelm.ee\/fi\/#\/schema\/logo\/image\/"},"sameAs":["https:\/\/www.facebook.com\/restoranpelm","https:\/\/instagram.com\/pelm_restoran"]}]}},"_links":{"self":[{"href":"https:\/\/pelm.ee\/fi\/wp-json\/wp\/v2\/pages\/2205","targetHints":{"allow":["GET"]}}],"collection":[{"href":"https:\/\/pelm.ee\/fi\/wp-json\/wp\/v2\/pages"}],"about":[{"href":"https:\/\/pelm.ee\/fi\/wp-json\/wp\/v2\/types\/page"}],"author":[{"embeddable":true,"href":"https:\/\/pelm.ee\/fi\/wp-json\/wp\/v2\/users\/1"}],"replies":[{"embeddable":true,"href":"https:\/\/pelm.ee\/fi\/wp-json\/wp\/v2\/comments?post=2205"}],"version-history":[{"count":4,"href":"https:\/\/pelm.ee\/fi\/wp-json\/wp\/v2\/pages\/2205\/revisions"}],"predecessor-version":[{"id":2642,"href":"https:\/\/pelm.ee\/fi\/wp-json\/wp\/v2\/pages\/2205\/revisions\/2642"}],"wp:attachment":[{"href":"https:\/\/pelm.ee\/fi\/wp-json\/wp\/v2\/media?parent=2205"}],"curies":[{"name":"wp","href":"https:\/\/api.w.org\/{rel}","templated":true}]}}