{"id":3148,"date":"2023-04-22T08:20:53","date_gmt":"2023-04-22T05:20:53","guid":{"rendered":"https:\/\/pelm.ee\/tietosuojakaytanto\/"},"modified":"2023-05-31T14:12:31","modified_gmt":"2023-05-31T11:12:31","slug":"tietosuojakaytanto","status":"publish","type":"page","link":"https:\/\/pelm.ee\/fi\/tietosuojakaytanto\/","title":{"rendered":"Tietosuojak\u00e4yt\u00e4nt\u00f6"},"content":{"rendered":"\n<p><strong>Pelm.ee-verkkosivuston tietosuojak\u00e4yt\u00e4nt\u00f6<\/strong><\/p>\n\n\n\n<p class=\"has-text-color\" style=\"color:#a6a6a6\">Sivuston hallinto sitoutuu yll\u00e4pit\u00e4m\u00e4\u00e4n yksityisyytt\u00e4si internetiss\u00e4. Kiinnit\u00e4mme suurta huomiota antamiesi tietojen suojeluun. Tietosuojak\u00e4yt\u00e4nt\u00f6mme perustuu <a href=\"https:\/\/commission.europa.eu\/law\/law-topic\/data-protection_en\">Euroopan unionin yleisen tietosuoja-asetuksen (GDPR)<\/a> vaatimuksiin. Ker\u00e4\u00e4m\u00e4mme henkil\u00f6tietojen tarkoitukset ovat: palvelumme toiminnan parantaminen, viestint\u00e4 t\u00e4m\u00e4n sivuston k\u00e4vij\u00f6iden kanssa, uutiskirjeiden l\u00e4hett\u00e4minen s\u00e4hk\u00f6postitse, k\u00e4ytt\u00e4j\u00e4tietojen k\u00e4sittely verkkokauppapalvelussa, t\u00e4m\u00e4n sivuston toimintaan liittyvien palvelujen tarjoaminen sek\u00e4 seuraavassa kuvattavat toimet.<\/p>\n\n\n\n<h4 class=\"wp-block-heading\"><strong>Henkil\u00f6tietojen ker\u00e4\u00e4minen ja k\u00e4ytt\u00f6<\/strong><\/h4>\n\n\n\n<p class=\"has-text-color\" style=\"color:#a6a6a6\">Ker\u00e4\u00e4mme ja k\u00e4yt\u00e4mme henkil\u00f6tietojasi vain vapaaehtoisella suostumuksellasi. Jos suostut t\u00e4h\u00e4n, valtuutat meid\u00e4t ker\u00e4\u00e4m\u00e4\u00e4n ja k\u00e4ytt\u00e4m\u00e4\u00e4n seuraavia tietoja: etunimi ja sukunimi, syntym\u00e4aika, s\u00e4hk\u00f6posti, puhelinnumero, pankkikortin tiedot. Tietojesi ker\u00e4\u00e4minen ja k\u00e4sittely tapahtuu voimassa olevien lakien mukaisesti Euroopan unionin alueella ja Viron valtiossa.<\/p>\n\n\n\n<h4 class=\"wp-block-heading\"><strong>Tietojen tallennus, muokkaus ja poisto<\/strong><\/h4>\n\n\n\n<p class=\"has-text-color\" style=\"color:#a6a6a6\">K\u00e4ytt\u00e4j\u00e4ll\u00e4, joka on antanut henkil\u00f6tietonsa pelm.ee-verkkosivustolle, on oikeus muuttaa ja poistaa ne sek\u00e4 peruuttaa suostumuksensa niiden k\u00e4ytt\u00f6\u00f6n. Henkil\u00f6tietojasi s\u00e4ilytet\u00e4\u00e4n 12 kuukauden ajan. Tietojesi k\u00e4yt\u00f6n p\u00e4\u00e4tytty\u00e4 sivuston hallinto poistaa ne. Henkil\u00f6tietojesi tarkasteluun voit ottaa yhteytt\u00e4 sivuston hallintoon seuraavassa osoitteessa: Pelm grupp O\u00dc Harju maakond, Tallinn, Lasnam\u00e4e linnaosa, Peterburi tee 2, 10115 14496312. Voimme siirt\u00e4\u00e4 henkil\u00f6tietojasi kolmannelle osapuolelle vain vapaaehtoisella suostumuksellasi, jos ne on siirretty, emme voi muuttaa tietoja muissa organisaatioissa, jotka eiv\u00e4t ole meid\u00e4n kanssamme yhteydess\u00e4.<\/p>\n\n\n\n<h4 class=\"wp-block-heading\"><strong>Teknisten tietojen k\u00e4ytt\u00f6 sivustolla vieraillessa<\/strong><\/h4>\n\n\n\n<p class=\"has-text-color\" style=\"color:#a6a6a6\">Kun vierailet pelm.ee-verkkosivustolla, tietokanta tallentaa tietoja IP-osoitteestasi, vierailun ajankohdasta, selainasetuksista, k\u00e4ytt\u00f6j\u00e4rjestelm\u00e4st\u00e4 sek\u00e4 muista teknisist\u00e4 tiedoista, jotka ovat tarpeen sivuston sis\u00e4ll\u00f6n oikean n\u00e4ytt\u00e4misen kannalta. T\u00e4m\u00e4n perusteella meill\u00e4 ei ole mahdollista tunnistaa vierailijan henkil\u00f6llisyytt\u00e4.<\/p>\n\n\n\n<h4 class=\"wp-block-heading\"><strong>Tietojen antaminen lapsilta<\/strong><\/h4>\n\n\n\n<p class=\"has-text-color\" style=\"color:#a6a6a6\">Jos olet vanhempi tai huoltaja ja tied\u00e4t, ett\u00e4 lapsesi ovat antaneet meille henkil\u00f6tietoja ilman suostumustasi, ota yhteytt\u00e4 meihin: <a href=\"mailto:marketing@pelm.ee\">marketing@pelm.ee<\/a>. Palvelussamme on kielletty\u00e4 j\u00e4tt\u00e4\u00e4 alaik\u00e4isten henkil\u00f6tietoja ilman vanhempien tai huoltajien suostumusta.<\/p>\n\n\n\n<h4 class=\"wp-block-heading\"><strong>Ev\u00e4steiden k\u00e4ytt\u00f6<\/strong><\/h4>\n\n\n\n<p class=\"has-text-color\" style=\"color:#a6a6a6\">Oikean sis\u00e4ll\u00f6n n\u00e4ytt\u00e4miseksi ja pelm.ee-verkkosivuston k\u00e4yt\u00f6n helpottamiseksi k\u00e4yt\u00e4mme ev\u00e4steit\u00e4. N\u00e4m\u00e4 ovat pieni\u00e4 tiedostoja, jotka tallennetaan laitteellesi. Ne auttavat sivustoa muistamaan tietoja sinusta, kuten mill\u00e4 kielell\u00e4 sivusto n\u00e4ytet\u00e4\u00e4n ja mit\u00e4 sivuja olet jo avannut, n\u00e4m\u00e4 tiedot ovat hy\u00f6dyllisi\u00e4 seuraavalla vierailullasi. Ev\u00e4steiden avulla sivustolla navigointi on paljon k\u00e4tev\u00e4mp\u00e4\u00e4. Voit lukea lis\u00e4\u00e4 n\u00e4ist\u00e4 tiedostoista <a href=\"https:\/\/en.wikipedia.org\/wiki\/HTTP_cookie\">t\u00e4\u00e4lt\u00e4<\/a>. Voit m\u00e4\u00e4ritt\u00e4\u00e4 selaimen hyv\u00e4ksym\u00e4\u00e4n tai est\u00e4m\u00e4\u00e4n ev\u00e4steet itse. Ev\u00e4steiden hyv\u00e4ksym\u00e4tt\u00e4 j\u00e4tt\u00e4minen voi rajoittaa sivuston toiminnallisuutta.<\/p>\n\n\n\n<h4 class=\"wp-block-heading\"><strong>Henkil\u00f6tietojen k\u00e4ytt\u00f6 muilla palveluilla<\/strong><\/h4>\n\n\n\n<p class=\"has-text-color\" style=\"color:#a6a6a6\">T\u00e4m\u00e4 sivusto k\u00e4ytt\u00e4\u00e4 kolmannen osapuolen internetsivustoja, jotka ker\u00e4\u00e4v\u00e4t tietoja riippumatta meist\u00e4: Google Analytics, Facebook.com, bolt.eu ja wolt.com. Ne voivat jakaa ker\u00e4\u00e4m\u00e4ns\u00e4 tiedot muiden palveluiden kanssa omassa mainosverkostossaan. Voit lukea n\u00e4iden organisaatioiden k\u00e4ytt\u00e4j\u00e4sopimukset heid\u00e4n verkkosivustoillaan ja kielt\u00e4yty\u00e4 antamasta heille henkil\u00f6tietojasi. Esimerkiksi Google Analytics -esto on <a href=\"https:\/\/tools.google.com\/dlpage\/gaoptout?hl=en\">t\u00e4\u00e4ll\u00e4<\/a>. Emme jaa henkil\u00f6tietojasi muiden organisaatioiden tai palveluiden kanssa, jotka eiv\u00e4t ole lueteltu t\u00e4ss\u00e4 tietosuojak\u00e4yt\u00e4nn\u00f6ss\u00e4. Ainoa poikkeus on tietojen siirto valtuutetuille viranomaisille lain edellytt\u00e4m\u00e4ll\u00e4 tavalla.<\/p>\n\n\n\n<h4 class=\"wp-block-heading\"><strong>Linkit muihin sivustoihin<\/strong><\/h4>\n\n\n\n<p class=\"has-text-color\" style=\"color:#a6a6a6\">Verkkosivustomme pelm.ee saattaa sis\u00e4lt\u00e4\u00e4 linkkej\u00e4 muihin sivustoihin, joita emme yll\u00e4pid\u00e4. Emme vastaa niiden sis\u00e4ll\u00f6st\u00e4. Suosittelemme, ett\u00e4 luet jokaisen vierailemasi sivuston tietosuojak\u00e4yt\u00e4nn\u00f6n, jos se on saatavilla.<\/p>\n\n\n\n<h4 class=\"wp-block-heading\"><strong>Muutokset yksityisyysk\u00e4yt\u00e4nt\u00f6\u00f6n<\/strong><\/h4>\n\n\n\n<p class=\"has-text-color\" style=\"color:#a6a6a6\">Sivustomme pelm.ee saattaa p\u00e4ivitt\u00e4\u00e4 yksityisyysk\u00e4yt\u00e4nt\u00f6\u00e4mme aika ajoin. Ilmoitamme sinulle mahdollisista muutoksista julkaisemalla uuden yksityisyysk\u00e4yt\u00e4nn\u00f6n t\u00e4lle sivulle. Seuraamme henkil\u00f6tietojen k\u00e4sittelyyn liittyv\u00e4\u00e4 lains\u00e4\u00e4d\u00e4nt\u00f6\u00e4 Euroopan unionissa ja Viron valtiossa. Jos olet j\u00e4tt\u00e4nyt henkil\u00f6tietosi meille, ilmoitamme sinulle yksityisyysk\u00e4yt\u00e4nn\u00f6n muutoksista. Jos henkil\u00f6tietosi on sy\u00f6tetty virheellisesti, emme pysty ottamaan sinuun yhteytt\u00e4.<\/p>\n\n\n\n<h4 class=\"wp-block-heading\"><strong>Palaute ja loppum\u00e4\u00e4r\u00e4ykset<\/strong><\/h4>\n\n\n\n<p class=\"has-text-color\" style=\"color:#a6a6a6\">Voit ottaa yhteytt\u00e4 pelm.ee-verkkosivuston hallintoon yksityisyysk\u00e4yt\u00e4nt\u00f6\u00f6n liittyviss\u00e4 kysymyksiss\u00e4 osoitteessa: <a href=\"mailto:marketing@pelm.ee\">marketing@pelm.ee<\/a> tai k\u00e4ytt\u00e4m\u00e4ll\u00e4 vastaavaa lomaketta t\u00e4ll\u00e4 sivustolla ilmoitetussa kohdassa. Jos et hyv\u00e4ksy t\u00e4t\u00e4 yksityisyysk\u00e4yt\u00e4nt\u00f6\u00e4, et voi k\u00e4ytt\u00e4\u00e4 pelm.ee-verkkosivuston palveluja, jolloin sinun tulee pid\u00e4tt\u00e4yty\u00e4 vierailusta verkkosivustollamme.<\/p>\n","protected":false},"excerpt":{"rendered":"<p>Pelm.ee-verkkosivuston tietosuojak\u00e4yt\u00e4nt\u00f6 Sivuston hallinto sitoutuu yll\u00e4pit\u00e4m\u00e4\u00e4n yksityisyytt\u00e4si internetiss\u00e4. Kiinnit\u00e4mme suurta huomiota antamiesi tietojen suojeluun. Tietosuojak\u00e4yt\u00e4nt\u00f6mme perustuu Euroopan unionin yleisen tietosuoja-asetuksen (GDPR) vaatimuksiin. Ker\u00e4\u00e4m\u00e4mme henkil\u00f6tietojen tarkoitukset ovat: palvelumme toiminnan parantaminen, viestint\u00e4 t\u00e4m\u00e4n sivuston k\u00e4vij\u00f6iden kanssa, uutiskirjeiden l\u00e4hett\u00e4minen s\u00e4hk\u00f6postitse, k\u00e4ytt\u00e4j\u00e4tietojen k\u00e4sittely verkkokauppapalvelussa, t\u00e4m\u00e4n sivuston toimintaan liittyvien palvelujen tarjoaminen sek\u00e4 seuraavassa kuvattavat toimet. Henkil\u00f6tietojen ker\u00e4\u00e4minen ja k\u00e4ytt\u00f6 Ker\u00e4\u00e4mme [&hellip;]<\/p>\n","protected":false},"author":1,"featured_media":0,"parent":0,"menu_order":0,"comment_status":"closed","ping_status":"open","template":"","meta":{"_acf_changed":false,"footnotes":""},"class_list":["post-3148","page","type-page","status-publish","hentry"],"acf":[],"yoast_head":"<!-- This site is optimized with the Yoast SEO plugin v25.4 - https:\/\/yoast.com\/wordpress\/plugins\/seo\/ -->\n<title>Tietosuojak\u00e4yt\u00e4nt\u00f6 - Pelm<\/title>\n<meta name=\"robots\" content=\"index, follow, max-snippet:-1, max-image-preview:large, max-video-preview:-1\" \/>\n<link rel=\"canonical\" href=\"https:\/\/pelm.ee\/fi\/tietosuojakaytanto\/\" \/>\n<meta property=\"og:locale\" content=\"fi_FI\" \/>\n<meta property=\"og:type\" content=\"article\" \/>\n<meta property=\"og:title\" content=\"Tietosuojak\u00e4yt\u00e4nt\u00f6 - Pelm\" \/>\n<meta property=\"og:description\" content=\"Pelm.ee-verkkosivuston tietosuojak\u00e4yt\u00e4nt\u00f6 Sivuston hallinto sitoutuu yll\u00e4pit\u00e4m\u00e4\u00e4n yksityisyytt\u00e4si internetiss\u00e4. Kiinnit\u00e4mme suurta huomiota antamiesi tietojen suojeluun. Tietosuojak\u00e4yt\u00e4nt\u00f6mme perustuu Euroopan unionin yleisen tietosuoja-asetuksen (GDPR) vaatimuksiin. Ker\u00e4\u00e4m\u00e4mme henkil\u00f6tietojen tarkoitukset ovat: palvelumme toiminnan parantaminen, viestint\u00e4 t\u00e4m\u00e4n sivuston k\u00e4vij\u00f6iden kanssa, uutiskirjeiden l\u00e4hett\u00e4minen s\u00e4hk\u00f6postitse, k\u00e4ytt\u00e4j\u00e4tietojen k\u00e4sittely verkkokauppapalvelussa, t\u00e4m\u00e4n sivuston toimintaan liittyvien palvelujen tarjoaminen sek\u00e4 seuraavassa kuvattavat toimet. Henkil\u00f6tietojen ker\u00e4\u00e4minen ja k\u00e4ytt\u00f6 Ker\u00e4\u00e4mme [&hellip;]\" \/>\n<meta property=\"og:url\" content=\"https:\/\/pelm.ee\/fi\/tietosuojakaytanto\/\" \/>\n<meta property=\"og:site_name\" content=\"Pelm\" \/>\n<meta property=\"article:publisher\" content=\"https:\/\/www.facebook.com\/restoranpelm\" \/>\n<meta property=\"article:modified_time\" content=\"2023-05-31T11:12:31+00:00\" \/>\n<meta name=\"twitter:card\" content=\"summary_large_image\" \/>\n<meta name=\"twitter:label1\" content=\"Arvioitu lukuaika\" \/>\n\t<meta name=\"twitter:data1\" content=\"3 minuuttia\" \/>\n<script type=\"application\/ld+json\" class=\"yoast-schema-graph\">{\"@context\":\"https:\/\/schema.org\",\"@graph\":[{\"@type\":\"WebPage\",\"@id\":\"https:\/\/pelm.ee\/fi\/tietosuojakaytanto\/\",\"url\":\"https:\/\/pelm.ee\/fi\/tietosuojakaytanto\/\",\"name\":\"Tietosuojak\u00e4yt\u00e4nt\u00f6 - Pelm\",\"isPartOf\":{\"@id\":\"https:\/\/pelm.ee\/fi\/#website\"},\"datePublished\":\"2023-04-22T05:20:53+00:00\",\"dateModified\":\"2023-05-31T11:12:31+00:00\",\"breadcrumb\":{\"@id\":\"https:\/\/pelm.ee\/fi\/tietosuojakaytanto\/#breadcrumb\"},\"inLanguage\":\"fi\",\"potentialAction\":[{\"@type\":\"ReadAction\",\"target\":[\"https:\/\/pelm.ee\/fi\/tietosuojakaytanto\/\"]}]},{\"@type\":\"BreadcrumbList\",\"@id\":\"https:\/\/pelm.ee\/fi\/tietosuojakaytanto\/#breadcrumb\",\"itemListElement\":[{\"@type\":\"ListItem\",\"position\":1,\"name\":\"Koti\",\"item\":\"https:\/\/pelm.ee\/fi\/\"},{\"@type\":\"ListItem\",\"position\":2,\"name\":\"Tietosuojak\u00e4yt\u00e4nt\u00f6\"}]},{\"@type\":\"WebSite\",\"@id\":\"https:\/\/pelm.ee\/fi\/#website\",\"url\":\"https:\/\/pelm.ee\/fi\/\",\"name\":\"\u0421\u0435\u0442\u044c \u0440\u0435\u0441\u0442\u043e\u0440\u0430\u043d\u043e\u0432 Pelm\",\"description\":\"\u0421\u0435\u0442\u044c \u0440\u0435\u0441\u0442\u043e\u0440\u0430\u043d\u043e\u0432\",\"publisher\":{\"@id\":\"https:\/\/pelm.ee\/fi\/#organization\"},\"potentialAction\":[{\"@type\":\"SearchAction\",\"target\":{\"@type\":\"EntryPoint\",\"urlTemplate\":\"https:\/\/pelm.ee\/fi\/?s={search_term_string}\"},\"query-input\":{\"@type\":\"PropertyValueSpecification\",\"valueRequired\":true,\"valueName\":\"search_term_string\"}}],\"inLanguage\":\"fi\"},{\"@type\":\"Organization\",\"@id\":\"https:\/\/pelm.ee\/fi\/#organization\",\"name\":\"\u0421\u0435\u0442\u044c \u0440\u0435\u0441\u0442\u043e\u0440\u0430\u043d\u043e\u0432 Pelm\",\"url\":\"https:\/\/pelm.ee\/fi\/\",\"logo\":{\"@type\":\"ImageObject\",\"inLanguage\":\"fi\",\"@id\":\"https:\/\/pelm.ee\/fi\/#\/schema\/logo\/image\/\",\"url\":\"https:\/\/pelm.ee\/wp-content\/uploads\/2023\/07\/suur.jpg\",\"contentUrl\":\"https:\/\/pelm.ee\/wp-content\/uploads\/2023\/07\/suur.jpg\",\"width\":661,\"height\":661,\"caption\":\"\u0421\u0435\u0442\u044c \u0440\u0435\u0441\u0442\u043e\u0440\u0430\u043d\u043e\u0432 Pelm\"},\"image\":{\"@id\":\"https:\/\/pelm.ee\/fi\/#\/schema\/logo\/image\/\"},\"sameAs\":[\"https:\/\/www.facebook.com\/restoranpelm\",\"https:\/\/instagram.com\/pelm_restoran\"]}]}<\/script>\n<!-- \/ Yoast SEO plugin. -->","yoast_head_json":{"title":"Tietosuojak\u00e4yt\u00e4nt\u00f6 - Pelm","robots":{"index":"index","follow":"follow","max-snippet":"max-snippet:-1","max-image-preview":"max-image-preview:large","max-video-preview":"max-video-preview:-1"},"canonical":"https:\/\/pelm.ee\/fi\/tietosuojakaytanto\/","og_locale":"fi_FI","og_type":"article","og_title":"Tietosuojak\u00e4yt\u00e4nt\u00f6 - Pelm","og_description":"Pelm.ee-verkkosivuston tietosuojak\u00e4yt\u00e4nt\u00f6 Sivuston hallinto sitoutuu yll\u00e4pit\u00e4m\u00e4\u00e4n yksityisyytt\u00e4si internetiss\u00e4. Kiinnit\u00e4mme suurta huomiota antamiesi tietojen suojeluun. Tietosuojak\u00e4yt\u00e4nt\u00f6mme perustuu Euroopan unionin yleisen tietosuoja-asetuksen (GDPR) vaatimuksiin. Ker\u00e4\u00e4m\u00e4mme henkil\u00f6tietojen tarkoitukset ovat: palvelumme toiminnan parantaminen, viestint\u00e4 t\u00e4m\u00e4n sivuston k\u00e4vij\u00f6iden kanssa, uutiskirjeiden l\u00e4hett\u00e4minen s\u00e4hk\u00f6postitse, k\u00e4ytt\u00e4j\u00e4tietojen k\u00e4sittely verkkokauppapalvelussa, t\u00e4m\u00e4n sivuston toimintaan liittyvien palvelujen tarjoaminen sek\u00e4 seuraavassa kuvattavat toimet. Henkil\u00f6tietojen ker\u00e4\u00e4minen ja k\u00e4ytt\u00f6 Ker\u00e4\u00e4mme [&hellip;]","og_url":"https:\/\/pelm.ee\/fi\/tietosuojakaytanto\/","og_site_name":"Pelm","article_publisher":"https:\/\/www.facebook.com\/restoranpelm","article_modified_time":"2023-05-31T11:12:31+00:00","twitter_card":"summary_large_image","twitter_misc":{"Arvioitu lukuaika":"3 minuuttia"},"schema":{"@context":"https:\/\/schema.org","@graph":[{"@type":"WebPage","@id":"https:\/\/pelm.ee\/fi\/tietosuojakaytanto\/","url":"https:\/\/pelm.ee\/fi\/tietosuojakaytanto\/","name":"Tietosuojak\u00e4yt\u00e4nt\u00f6 - Pelm","isPartOf":{"@id":"https:\/\/pelm.ee\/fi\/#website"},"datePublished":"2023-04-22T05:20:53+00:00","dateModified":"2023-05-31T11:12:31+00:00","breadcrumb":{"@id":"https:\/\/pelm.ee\/fi\/tietosuojakaytanto\/#breadcrumb"},"inLanguage":"fi","potentialAction":[{"@type":"ReadAction","target":["https:\/\/pelm.ee\/fi\/tietosuojakaytanto\/"]}]},{"@type":"BreadcrumbList","@id":"https:\/\/pelm.ee\/fi\/tietosuojakaytanto\/#breadcrumb","itemListElement":[{"@type":"ListItem","position":1,"name":"Koti","item":"https:\/\/pelm.ee\/fi\/"},{"@type":"ListItem","position":2,"name":"Tietosuojak\u00e4yt\u00e4nt\u00f6"}]},{"@type":"WebSite","@id":"https:\/\/pelm.ee\/fi\/#website","url":"https:\/\/pelm.ee\/fi\/","name":"\u0421\u0435\u0442\u044c \u0440\u0435\u0441\u0442\u043e\u0440\u0430\u043d\u043e\u0432 Pelm","description":"\u0421\u0435\u0442\u044c \u0440\u0435\u0441\u0442\u043e\u0440\u0430\u043d\u043e\u0432","publisher":{"@id":"https:\/\/pelm.ee\/fi\/#organization"},"potentialAction":[{"@type":"SearchAction","target":{"@type":"EntryPoint","urlTemplate":"https:\/\/pelm.ee\/fi\/?s={search_term_string}"},"query-input":{"@type":"PropertyValueSpecification","valueRequired":true,"valueName":"search_term_string"}}],"inLanguage":"fi"},{"@type":"Organization","@id":"https:\/\/pelm.ee\/fi\/#organization","name":"\u0421\u0435\u0442\u044c \u0440\u0435\u0441\u0442\u043e\u0440\u0430\u043d\u043e\u0432 Pelm","url":"https:\/\/pelm.ee\/fi\/","logo":{"@type":"ImageObject","inLanguage":"fi","@id":"https:\/\/pelm.ee\/fi\/#\/schema\/logo\/image\/","url":"https:\/\/pelm.ee\/wp-content\/uploads\/2023\/07\/suur.jpg","contentUrl":"https:\/\/pelm.ee\/wp-content\/uploads\/2023\/07\/suur.jpg","width":661,"height":661,"caption":"\u0421\u0435\u0442\u044c \u0440\u0435\u0441\u0442\u043e\u0440\u0430\u043d\u043e\u0432 Pelm"},"image":{"@id":"https:\/\/pelm.ee\/fi\/#\/schema\/logo\/image\/"},"sameAs":["https:\/\/www.facebook.com\/restoranpelm","https:\/\/instagram.com\/pelm_restoran"]}]}},"_links":{"self":[{"href":"https:\/\/pelm.ee\/fi\/wp-json\/wp\/v2\/pages\/3148","targetHints":{"allow":["GET"]}}],"collection":[{"href":"https:\/\/pelm.ee\/fi\/wp-json\/wp\/v2\/pages"}],"about":[{"href":"https:\/\/pelm.ee\/fi\/wp-json\/wp\/v2\/types\/page"}],"author":[{"embeddable":true,"href":"https:\/\/pelm.ee\/fi\/wp-json\/wp\/v2\/users\/1"}],"replies":[{"embeddable":true,"href":"https:\/\/pelm.ee\/fi\/wp-json\/wp\/v2\/comments?post=3148"}],"version-history":[{"count":7,"href":"https:\/\/pelm.ee\/fi\/wp-json\/wp\/v2\/pages\/3148\/revisions"}],"predecessor-version":[{"id":3173,"href":"https:\/\/pelm.ee\/fi\/wp-json\/wp\/v2\/pages\/3148\/revisions\/3173"}],"wp:attachment":[{"href":"https:\/\/pelm.ee\/fi\/wp-json\/wp\/v2\/media?parent=3148"}],"curies":[{"name":"wp","href":"https:\/\/api.w.org\/{rel}","templated":true}]}}