{"id":2575,"date":"2023-05-05T18:34:36","date_gmt":"2023-05-05T15:34:36","guid":{"rendered":"https:\/\/pelm.ee\/product\/allekirjoitettu-tee-pelm-teekannussa\/"},"modified":"2023-06-04T18:27:46","modified_gmt":"2023-06-04T15:27:46","slug":"firmennyj-chaj-v-chajnichke-pelm","status":"publish","type":"product","link":"https:\/\/pelm.ee\/fi\/tuote\/firmennyj-chaj-v-chajnichke-pelm\/","title":{"rendered":"Pelmin tee kannussa 1 L"},"content":{"rendered":"<p>Hedelm\u00e4, tyrni, tyrnimarja, inkiv\u00e4\u00e4ri-sitruuna-minttu, vadlema-mustaherukka, raparperi-puolukka<\/p>\n","protected":false},"excerpt":{"rendered":"<p>Hedelm\u00e4, tyrni, tyrnimarja, inkiv\u00e4\u00e4ri-sitruuna-minttu, vadlema-mustaherukka, raparperi-puolukka<\/p>\n","protected":false},"featured_media":3246,"comment_status":"open","ping_status":"closed","template":"","meta":{"_acf_changed":false},"product_brand":[],"product_cat":[148,153],"product_tag":[],"class_list":{"0":"post-2575","1":"product","2":"type-product","3":"status-publish","4":"has-post-thumbnail","6":"product_cat-juomat","7":"product_cat-alkoholiton","9":"first","10":"instock","11":"shipping-taxable","12":"purchasable","13":"product-type-variable"},"acf":[],"yoast_head":"<!-- This site is optimized with the Yoast SEO plugin v25.4 - https:\/\/yoast.com\/wordpress\/plugins\/seo\/ -->\n<title>Pelmin tee kannussa 1 L - Pelm<\/title>\n<meta name=\"robots\" content=\"index, follow, max-snippet:-1, max-image-preview:large, max-video-preview:-1\" \/>\n<link rel=\"canonical\" href=\"https:\/\/pelm.ee\/fi\/tuote\/firmennyj-chaj-v-chajnichke-pelm\/\" \/>\n<meta property=\"og:locale\" content=\"fi_FI\" \/>\n<meta property=\"og:type\" content=\"article\" \/>\n<meta property=\"og:title\" content=\"Pelmin tee kannussa 1 L - Pelm\" \/>\n<meta property=\"og:description\" content=\"Hedelm\u00e4, tyrni, tyrnimarja, inkiv\u00e4\u00e4ri-sitruuna-minttu, vadlema-mustaherukka, raparperi-puolukka\" \/>\n<meta property=\"og:url\" content=\"https:\/\/pelm.ee\/fi\/tuote\/firmennyj-chaj-v-chajnichke-pelm\/\" \/>\n<meta property=\"og:site_name\" content=\"Pelm\" \/>\n<meta property=\"article:publisher\" content=\"https:\/\/www.facebook.com\/restoranpelm\" \/>\n<meta property=\"article:modified_time\" content=\"2023-06-04T15:27:46+00:00\" \/>\n<meta property=\"og:image\" content=\"https:\/\/pelm.ee\/wp-content\/uploads\/2023\/05\/0b7a2850-1024x683.jpg\" \/>\n\t<meta property=\"og:image:width\" content=\"1024\" \/>\n\t<meta property=\"og:image:height\" content=\"683\" \/>\n\t<meta property=\"og:image:type\" content=\"image\/jpeg\" \/>\n<meta name=\"twitter:card\" content=\"summary_large_image\" \/>\n<meta name=\"twitter:label1\" content=\"Arvioitu lukuaika\" \/>\n\t<meta name=\"twitter:data1\" content=\"1 minuutti\" \/>\n<script type=\"application\/ld+json\" class=\"yoast-schema-graph\">{\"@context\":\"https:\/\/schema.org\",\"@graph\":[{\"@type\":\"WebPage\",\"@id\":\"https:\/\/pelm.ee\/fi\/tuote\/firmennyj-chaj-v-chajnichke-pelm\/\",\"url\":\"https:\/\/pelm.ee\/fi\/tuote\/firmennyj-chaj-v-chajnichke-pelm\/\",\"name\":\"Pelmin tee kannussa 1 L - Pelm\",\"isPartOf\":{\"@id\":\"https:\/\/pelm.ee\/fi\/#website\"},\"primaryImageOfPage\":{\"@id\":\"https:\/\/pelm.ee\/fi\/tuote\/firmennyj-chaj-v-chajnichke-pelm\/#primaryimage\"},\"image\":{\"@id\":\"https:\/\/pelm.ee\/fi\/tuote\/firmennyj-chaj-v-chajnichke-pelm\/#primaryimage\"},\"thumbnailUrl\":\"https:\/\/pelm.ee\/wp-content\/uploads\/2023\/05\/0b7a2850.jpg\",\"datePublished\":\"2023-05-05T15:34:36+00:00\",\"dateModified\":\"2023-06-04T15:27:46+00:00\",\"breadcrumb\":{\"@id\":\"https:\/\/pelm.ee\/fi\/tuote\/firmennyj-chaj-v-chajnichke-pelm\/#breadcrumb\"},\"inLanguage\":\"fi\",\"potentialAction\":[{\"@type\":\"ReadAction\",\"target\":[\"https:\/\/pelm.ee\/fi\/tuote\/firmennyj-chaj-v-chajnichke-pelm\/\"]}]},{\"@type\":\"ImageObject\",\"inLanguage\":\"fi\",\"@id\":\"https:\/\/pelm.ee\/fi\/tuote\/firmennyj-chaj-v-chajnichke-pelm\/#primaryimage\",\"url\":\"https:\/\/pelm.ee\/wp-content\/uploads\/2023\/05\/0b7a2850.jpg\",\"contentUrl\":\"https:\/\/pelm.ee\/wp-content\/uploads\/2023\/05\/0b7a2850.jpg\",\"width\":5427,\"height\":3618},{\"@type\":\"BreadcrumbList\",\"@id\":\"https:\/\/pelm.ee\/fi\/tuote\/firmennyj-chaj-v-chajnichke-pelm\/#breadcrumb\",\"itemListElement\":[{\"@type\":\"ListItem\",\"position\":1,\"name\":\"Koti\",\"item\":\"https:\/\/pelm.ee\/fi\/\"},{\"@type\":\"ListItem\",\"position\":2,\"name\":\"Valikko\",\"item\":\"https:\/\/pelm.ee\/fi\/valikko\/\"},{\"@type\":\"ListItem\",\"position\":3,\"name\":\"Pelmin tee kannussa 1 L\"}]},{\"@type\":\"WebSite\",\"@id\":\"https:\/\/pelm.ee\/fi\/#website\",\"url\":\"https:\/\/pelm.ee\/fi\/\",\"name\":\"\u0421\u0435\u0442\u044c \u0440\u0435\u0441\u0442\u043e\u0440\u0430\u043d\u043e\u0432 Pelm\",\"description\":\"\u0421\u0435\u0442\u044c \u0440\u0435\u0441\u0442\u043e\u0440\u0430\u043d\u043e\u0432\",\"publisher\":{\"@id\":\"https:\/\/pelm.ee\/fi\/#organization\"},\"potentialAction\":[{\"@type\":\"SearchAction\",\"target\":{\"@type\":\"EntryPoint\",\"urlTemplate\":\"https:\/\/pelm.ee\/fi\/?s={search_term_string}\"},\"query-input\":{\"@type\":\"PropertyValueSpecification\",\"valueRequired\":true,\"valueName\":\"search_term_string\"}}],\"inLanguage\":\"fi\"},{\"@type\":\"Organization\",\"@id\":\"https:\/\/pelm.ee\/fi\/#organization\",\"name\":\"\u0421\u0435\u0442\u044c \u0440\u0435\u0441\u0442\u043e\u0440\u0430\u043d\u043e\u0432 Pelm\",\"url\":\"https:\/\/pelm.ee\/fi\/\",\"logo\":{\"@type\":\"ImageObject\",\"inLanguage\":\"fi\",\"@id\":\"https:\/\/pelm.ee\/fi\/#\/schema\/logo\/image\/\",\"url\":\"https:\/\/pelm.ee\/wp-content\/uploads\/2023\/07\/suur.jpg\",\"contentUrl\":\"https:\/\/pelm.ee\/wp-content\/uploads\/2023\/07\/suur.jpg\",\"width\":661,\"height\":661,\"caption\":\"\u0421\u0435\u0442\u044c \u0440\u0435\u0441\u0442\u043e\u0440\u0430\u043d\u043e\u0432 Pelm\"},\"image\":{\"@id\":\"https:\/\/pelm.ee\/fi\/#\/schema\/logo\/image\/\"},\"sameAs\":[\"https:\/\/www.facebook.com\/restoranpelm\",\"https:\/\/instagram.com\/pelm_restoran\"]}]}<\/script>\n<!-- \/ Yoast SEO plugin. -->","yoast_head_json":{"title":"Pelmin tee kannussa 1 L - Pelm","robots":{"index":"index","follow":"follow","max-snippet":"max-snippet:-1","max-image-preview":"max-image-preview:large","max-video-preview":"max-video-preview:-1"},"canonical":"https:\/\/pelm.ee\/fi\/tuote\/firmennyj-chaj-v-chajnichke-pelm\/","og_locale":"fi_FI","og_type":"article","og_title":"Pelmin tee kannussa 1 L - Pelm","og_description":"Hedelm\u00e4, tyrni, tyrnimarja, inkiv\u00e4\u00e4ri-sitruuna-minttu, vadlema-mustaherukka, raparperi-puolukka","og_url":"https:\/\/pelm.ee\/fi\/tuote\/firmennyj-chaj-v-chajnichke-pelm\/","og_site_name":"Pelm","article_publisher":"https:\/\/www.facebook.com\/restoranpelm","article_modified_time":"2023-06-04T15:27:46+00:00","og_image":[{"width":1024,"height":683,"url":"https:\/\/pelm.ee\/wp-content\/uploads\/2023\/05\/0b7a2850-1024x683.jpg","type":"image\/jpeg"}],"twitter_card":"summary_large_image","twitter_misc":{"Arvioitu lukuaika":"1 minuutti"},"schema":{"@context":"https:\/\/schema.org","@graph":[{"@type":"WebPage","@id":"https:\/\/pelm.ee\/fi\/tuote\/firmennyj-chaj-v-chajnichke-pelm\/","url":"https:\/\/pelm.ee\/fi\/tuote\/firmennyj-chaj-v-chajnichke-pelm\/","name":"Pelmin tee kannussa 1 L - Pelm","isPartOf":{"@id":"https:\/\/pelm.ee\/fi\/#website"},"primaryImageOfPage":{"@id":"https:\/\/pelm.ee\/fi\/tuote\/firmennyj-chaj-v-chajnichke-pelm\/#primaryimage"},"image":{"@id":"https:\/\/pelm.ee\/fi\/tuote\/firmennyj-chaj-v-chajnichke-pelm\/#primaryimage"},"thumbnailUrl":"https:\/\/pelm.ee\/wp-content\/uploads\/2023\/05\/0b7a2850.jpg","datePublished":"2023-05-05T15:34:36+00:00","dateModified":"2023-06-04T15:27:46+00:00","breadcrumb":{"@id":"https:\/\/pelm.ee\/fi\/tuote\/firmennyj-chaj-v-chajnichke-pelm\/#breadcrumb"},"inLanguage":"fi","potentialAction":[{"@type":"ReadAction","target":["https:\/\/pelm.ee\/fi\/tuote\/firmennyj-chaj-v-chajnichke-pelm\/"]}]},{"@type":"ImageObject","inLanguage":"fi","@id":"https:\/\/pelm.ee\/fi\/tuote\/firmennyj-chaj-v-chajnichke-pelm\/#primaryimage","url":"https:\/\/pelm.ee\/wp-content\/uploads\/2023\/05\/0b7a2850.jpg","contentUrl":"https:\/\/pelm.ee\/wp-content\/uploads\/2023\/05\/0b7a2850.jpg","width":5427,"height":3618},{"@type":"BreadcrumbList","@id":"https:\/\/pelm.ee\/fi\/tuote\/firmennyj-chaj-v-chajnichke-pelm\/#breadcrumb","itemListElement":[{"@type":"ListItem","position":1,"name":"Koti","item":"https:\/\/pelm.ee\/fi\/"},{"@type":"ListItem","position":2,"name":"Valikko","item":"https:\/\/pelm.ee\/fi\/valikko\/"},{"@type":"ListItem","position":3,"name":"Pelmin tee kannussa 1 L"}]},{"@type":"WebSite","@id":"https:\/\/pelm.ee\/fi\/#website","url":"https:\/\/pelm.ee\/fi\/","name":"\u0421\u0435\u0442\u044c \u0440\u0435\u0441\u0442\u043e\u0440\u0430\u043d\u043e\u0432 Pelm","description":"\u0421\u0435\u0442\u044c \u0440\u0435\u0441\u0442\u043e\u0440\u0430\u043d\u043e\u0432","publisher":{"@id":"https:\/\/pelm.ee\/fi\/#organization"},"potentialAction":[{"@type":"SearchAction","target":{"@type":"EntryPoint","urlTemplate":"https:\/\/pelm.ee\/fi\/?s={search_term_string}"},"query-input":{"@type":"PropertyValueSpecification","valueRequired":true,"valueName":"search_term_string"}}],"inLanguage":"fi"},{"@type":"Organization","@id":"https:\/\/pelm.ee\/fi\/#organization","name":"\u0421\u0435\u0442\u044c \u0440\u0435\u0441\u0442\u043e\u0440\u0430\u043d\u043e\u0432 Pelm","url":"https:\/\/pelm.ee\/fi\/","logo":{"@type":"ImageObject","inLanguage":"fi","@id":"https:\/\/pelm.ee\/fi\/#\/schema\/logo\/image\/","url":"https:\/\/pelm.ee\/wp-content\/uploads\/2023\/07\/suur.jpg","contentUrl":"https:\/\/pelm.ee\/wp-content\/uploads\/2023\/07\/suur.jpg","width":661,"height":661,"caption":"\u0421\u0435\u0442\u044c \u0440\u0435\u0441\u0442\u043e\u0440\u0430\u043d\u043e\u0432 Pelm"},"image":{"@id":"https:\/\/pelm.ee\/fi\/#\/schema\/logo\/image\/"},"sameAs":["https:\/\/www.facebook.com\/restoranpelm","https:\/\/instagram.com\/pelm_restoran"]}]}},"_links":{"self":[{"href":"https:\/\/pelm.ee\/fi\/wp-json\/wp\/v2\/product\/2575","targetHints":{"allow":["GET"]}}],"collection":[{"href":"https:\/\/pelm.ee\/fi\/wp-json\/wp\/v2\/product"}],"about":[{"href":"https:\/\/pelm.ee\/fi\/wp-json\/wp\/v2\/types\/product"}],"replies":[{"embeddable":true,"href":"https:\/\/pelm.ee\/fi\/wp-json\/wp\/v2\/comments?post=2575"}],"wp:featuredmedia":[{"embeddable":true,"href":"https:\/\/pelm.ee\/fi\/wp-json\/wp\/v2\/media\/3246"}],"wp:attachment":[{"href":"https:\/\/pelm.ee\/fi\/wp-json\/wp\/v2\/media?parent=2575"}],"wp:term":[{"taxonomy":"product_brand","embeddable":true,"href":"https:\/\/pelm.ee\/fi\/wp-json\/wp\/v2\/product_brand?post=2575"},{"taxonomy":"product_cat","embeddable":true,"href":"https:\/\/pelm.ee\/fi\/wp-json\/wp\/v2\/product_cat?post=2575"},{"taxonomy":"product_tag","embeddable":true,"href":"https:\/\/pelm.ee\/fi\/wp-json\/wp\/v2\/product_tag?post=2575"}],"curies":[{"name":"wp","href":"https:\/\/api.w.org\/{rel}","templated":true}]}}